{"id":988754,"date":"2021-10-06T17:59:54","date_gmt":"2021-10-06T15:59:54","guid":{"rendered":"https:\/\/www.abc-assessors.com\/marcas-y-patentes\/"},"modified":"2026-03-12T17:53:52","modified_gmt":"2026-03-12T15:53:52","slug":"marcas-y-patentes","status":"publish","type":"page","link":"https:\/\/www.abc-assessors.com\/es\/marcas-y-patentes\/","title":{"rendered":"Marcas y Patentes"},"content":{"rendered":"<div class=\"vgblk-rw-wrapper limit-wrapper\">\n\n\t<p>Desde el <strong>Grup ABC<\/strong> ofrecemos el servicio de registro de marcas y patentes, en tanto que <strong>mandatarios y agentes de patentes acreditados ante la Oficina de Marcas del Principado de Andorra.<\/strong><\/p>\n<p>Contamos con Abogados especializados en propiedad intelectual que ofrecen a nuestros clientes un servicio global en todo lo que afecta a los derechos derivados de las marcas, patentes, autor y an\u00e1logos, bienes intangibles que, para la empresa, suponen un patrimonio y valor diferencial imprescindible a la hora de competir en el mercado y fundamental a la hora de estructurar las estrategias a corto, medio y largo plazo.<\/p>\n\t\t\t\t\t\t\t<img loading=\"lazy\" decoding=\"async\" src=\"https:\/\/www.abc-assessors.com\/wp-content\/uploads\/2021\/10\/marques-andorra.jpg\" alt=\"marques-andorra\" itemprop=\"image\" height=\"400\" width=\"600\" title=\"marques-andorra\" onerror=\"this.style.display='none'\"  sizes=\"auto, (max-width: 768px) 100vw, 100vw\" srcset=\"https:\/\/www.abc-assessors.com\/wp-content\/uploads\/2021\/10\/marques-andorra.jpg 600w, https:\/\/www.abc-assessors.com\/wp-content\/uploads\/2021\/10\/marques-andorra-300x200.jpg 300w, https:\/\/www.abc-assessors.com\/wp-content\/uploads\/2021\/10\/marques-andorra-420x280.jpg 420w, https:\/\/www.abc-assessors.com\/wp-content\/uploads\/2021\/10\/marques-andorra-315x210.jpg 315w\" \/>\t\t\t\t\t\t\t\n<h3>\n\tMARCAS\n\t<\/h3>\n\t<ul>\n<li>Registro y renovaci\u00f3n de marcas en el Principado de Andorra<\/li>\n<li>Inscripciones en el Registro de Marcas del Principado de Andorra (licencias, cesiones, cambios de nombre, cambios de direcci\u00f3n, etc.)<\/li>\n<li>Servicios de b\u00fasqueda e investigaci\u00f3n<\/li>\n<li>Registros extranjeros (Marca Comunitaria, Internacional y en otros pa\u00edses)<\/li>\n<li>(&#8230;)<\/li>\n<\/ul>\n\t\t\t\t\t\t\t<img loading=\"lazy\" decoding=\"async\" src=\"https:\/\/www.abc-assessors.com\/wp-content\/uploads\/2021\/10\/patents.jpg\" alt=\"patents-andorra\" itemprop=\"image\" height=\"400\" width=\"600\" title=\"patents-andorra\" onerror=\"this.style.display='none'\"  sizes=\"auto, (max-width: 768px) 100vw, 100vw\" srcset=\"https:\/\/www.abc-assessors.com\/wp-content\/uploads\/2021\/10\/patents.jpg 600w, https:\/\/www.abc-assessors.com\/wp-content\/uploads\/2021\/10\/patents-300x200.jpg 300w, https:\/\/www.abc-assessors.com\/wp-content\/uploads\/2021\/10\/patents-420x280.jpg 420w, https:\/\/www.abc-assessors.com\/wp-content\/uploads\/2021\/10\/patents-315x210.jpg 315w\" \/>\t\t\t\t\t\t\t\n<h3>\n\tPATENTES\n\t<\/h3>\n\t<p>Registro y renovaci\u00f3n de patentes en el Principado en Andorra<\/p>\n<p>Inscripciones en el Registro de Marcas del Principado de Andorra (licencias, cesiones, cambios de nombre, cambios de direcci\u00f3n, etc.)<\/p>\n\t\t\t\t\t\t\t<img loading=\"lazy\" decoding=\"async\" src=\"https:\/\/www.abc-assessors.com\/wp-content\/uploads\/2021\/10\/dades.jpg\" alt=\"dades\" itemprop=\"image\" height=\"400\" width=\"600\" title=\"dades\" onerror=\"this.style.display='none'\"  sizes=\"auto, (max-width: 768px) 100vw, 100vw\" srcset=\"https:\/\/www.abc-assessors.com\/wp-content\/uploads\/2021\/10\/dades.jpg 600w, https:\/\/www.abc-assessors.com\/wp-content\/uploads\/2021\/10\/dades-300x200.jpg 300w, https:\/\/www.abc-assessors.com\/wp-content\/uploads\/2021\/10\/dades-420x280.jpg 420w, https:\/\/www.abc-assessors.com\/wp-content\/uploads\/2021\/10\/dades-315x210.jpg 315w\" \/>\t\t\t\t\t\t\t\n<h3>\n\tPROTECCI\u00d3N DE DATOS DE CAR\u00c1CTER PERSONAL\n\t<\/h3>\n\t<ul>\n<li>Asesoramiento en la implantaci\u00f3n y seguridad de los mecanismos para cumplir con la legislaci\u00f3n de protecci\u00f3n de datos personales vigente en el Principado de Andorra<\/li>\n<li>Servicios de Delegado de Protecci\u00f3n de Datos<\/li>\n<li>Redacci\u00f3n de circulares de privacidad y compromisos de confidencialidad para los trabajadores con acceso a datos personales<\/li>\n<li>Redacci\u00f3n de contratos entre el responsable del fichero y el encargado del tratamiento de datos<\/li>\n<li>An\u00e1lisis y preparaci\u00f3n de documentaci\u00f3n para la cesi\u00f3n de datos a terceros<\/li>\n<li>Redacci\u00f3n de informes jur\u00eddicos sobre procedimientos o tratamientos de datos<\/li>\n<\/ul>\n\t\t\t\t\t\t\t<img loading=\"lazy\" decoding=\"async\" src=\"https:\/\/www.abc-assessors.com\/wp-content\/uploads\/2021\/10\/TECNOLOGIES.jpg\" alt=\"TECNOLOGIES\" itemprop=\"image\" height=\"400\" width=\"600\" title=\"TECNOLOGIES\" onerror=\"this.style.display='none'\"  sizes=\"auto, (max-width: 768px) 100vw, 100vw\" srcset=\"https:\/\/www.abc-assessors.com\/wp-content\/uploads\/2021\/10\/TECNOLOGIES.jpg 600w, https:\/\/www.abc-assessors.com\/wp-content\/uploads\/2021\/10\/TECNOLOGIES-300x200.jpg 300w, https:\/\/www.abc-assessors.com\/wp-content\/uploads\/2021\/10\/TECNOLOGIES-420x280.jpg 420w, https:\/\/www.abc-assessors.com\/wp-content\/uploads\/2021\/10\/TECNOLOGIES-315x210.jpg 315w\" \/>\t\t\t\t\t\t\t\n<h3>\n\tNUEVAS TECNOLOG\u00cdAS\n\t<\/h3>\n\t<ul>\n<li>Contratos de nuevas tecnolog\u00edas, revisi\u00f3n y adecuaci\u00f3n de los mismos<\/li>\n<li>Asesoramiento en comercio electr\u00f3nico<\/li>\n<li>Redacci\u00f3n de avisos legales para sitios webs<\/li>\n<li>Asesoramiento jur\u00eddico en materia de firma electr\u00f3nica, derechos y contrataci\u00f3n inform\u00e1tica<\/li>\n<\/ul>\n\t\t\t\t\t\t\t<img loading=\"lazy\" decoding=\"async\" src=\"https:\/\/www.abc-assessors.com\/wp-content\/uploads\/2021\/10\/SERVEIS-JURIDICS.jpg\" alt=\"SERVEIS-JUR\u00cdDICS\" itemprop=\"image\" height=\"400\" width=\"600\" title=\"SERVEIS-JUR\u00cdDICS\" onerror=\"this.style.display='none'\"  sizes=\"auto, (max-width: 768px) 100vw, 100vw\" srcset=\"https:\/\/www.abc-assessors.com\/wp-content\/uploads\/2021\/10\/SERVEIS-JURIDICS.jpg 600w, https:\/\/www.abc-assessors.com\/wp-content\/uploads\/2021\/10\/SERVEIS-JURIDICS-300x200.jpg 300w, https:\/\/www.abc-assessors.com\/wp-content\/uploads\/2021\/10\/SERVEIS-JURIDICS-420x280.jpg 420w, https:\/\/www.abc-assessors.com\/wp-content\/uploads\/2021\/10\/SERVEIS-JURIDICS-315x210.jpg 315w\" \/>\t\t\t\t\t\t\t\n<h3>\n\tSERVICIOS JUR\u00cdDICOS\n\t<\/h3>\n\t<ul>\n<li>Asesoramiento legal en materia de propiedad inte<em>l<\/em>ectual: franquicias, licencias, derechos de autor, contratos de distribuci\u00f3n, acuerdos de transferencia tecnol\u00f3gica, defensa de la competencia, medidas cautelares, diligencias preliminares, etc.<\/li>\n<li>Recursos administrativos contra las decisiones de la Oficina de Marcas y Patentes del Principado de Andorra<\/li>\n<li>Requerimientos y demandas judiciales por infracci\u00f3n, caducidad, nu<em>l<\/em>lidad y competencia desleal.<\/li>\n<\/ul>\n<h2>\n\t\u00bfQuiere contratar nuestros servicios?\n\t<\/h2>\n<h5>\n\tElaboramos un presupuesto personalizado, siempre con la m\u00e1xima confidencialidad, tanto para empresas como para particulares.\n\t<\/h5>\n\t<a href=\"https:\/\/www.abc-assessors.com\/es\/contacto\/\" target=\"_self\" role=\"button\">\n\t\t\t\t\tCont\u00e1ctenos\n\t<\/a>\n\n<\/div><!-- .vgblk-rw-wrapper -->","protected":false},"excerpt":{"rendered":"<p>Desde el Grup ABC ofrecemos el servicio de registro de marcas y patentes, en tanto que mandatarios y agentes de patentes acreditados ante la Oficina de Marcas del Principado de Andorra. Contamos con Abogados especializados en propiedad intelectual que ofrecen a nuestros clientes un servicio global en todo lo que afecta a los derechos derivados&#8230;<\/p>\n","protected":false},"author":1,"featured_media":0,"parent":0,"menu_order":0,"comment_status":"closed","ping_status":"closed","template":"","meta":{"inline_featured_image":false,"footnotes":""},"class_list":["post-988754","page","type-page","status-publish","hentry"],"yoast_head":"<!-- This site is optimized with the Yoast SEO plugin v26.3 - https:\/\/yoast.com\/wordpress\/plugins\/seo\/ -->\n<title>Marcas y Patentes - ABC Assessors i Consultors<\/title>\n<meta name=\"robots\" content=\"index, follow, max-snippet:-1, max-image-preview:large, max-video-preview:-1\" \/>\n<link rel=\"canonical\" href=\"https:\/\/www.abc-assessors.com\/es\/marcas-y-patentes\/\" \/>\n<meta property=\"og:locale\" content=\"es_ES\" \/>\n<meta property=\"og:type\" content=\"article\" \/>\n<meta property=\"og:title\" content=\"Marcas y Patentes - ABC Assessors i Consultors\" \/>\n<meta property=\"og:description\" content=\"Desde el Grup ABC ofrecemos el servicio de registro de marcas y patentes, en tanto que mandatarios y agentes de patentes acreditados ante la Oficina de Marcas del Principado de Andorra. Contamos con Abogados especializados en propiedad intelectual que ofrecen a nuestros clientes un servicio global en todo lo que afecta a los derechos derivados...\" \/>\n<meta property=\"og:url\" content=\"https:\/\/www.abc-assessors.com\/es\/marcas-y-patentes\/\" \/>\n<meta property=\"og:site_name\" content=\"ABC Assessors i Consultors\" \/>\n<meta property=\"article:publisher\" content=\"https:\/\/www.facebook.com\/ABCassessorsandorra\/\" \/>\n<meta property=\"article:modified_time\" content=\"2026-03-12T15:53:52+00:00\" \/>\n<meta property=\"og:image\" content=\"https:\/\/www.abc-assessors.com\/wp-content\/uploads\/2021\/10\/marques-andorra.jpg\" \/>\n<meta name=\"twitter:card\" content=\"summary_large_image\" \/>\n<meta name=\"twitter:label1\" content=\"Tiempo de lectura\" \/>\n\t<meta name=\"twitter:data1\" content=\"2 minutos\" \/>\n<script type=\"application\/ld+json\" class=\"yoast-schema-graph\">{\"@context\":\"https:\/\/schema.org\",\"@graph\":[{\"@type\":\"WebPage\",\"@id\":\"https:\/\/www.abc-assessors.com\/es\/marcas-y-patentes\/\",\"url\":\"https:\/\/www.abc-assessors.com\/es\/marcas-y-patentes\/\",\"name\":\"Marcas y Patentes - ABC Assessors i Consultors\",\"isPartOf\":{\"@id\":\"https:\/\/www.abc-assessors.com\/es\/#website\"},\"primaryImageOfPage\":{\"@id\":\"https:\/\/www.abc-assessors.com\/es\/marcas-y-patentes\/#primaryimage\"},\"image\":{\"@id\":\"https:\/\/www.abc-assessors.com\/es\/marcas-y-patentes\/#primaryimage\"},\"thumbnailUrl\":\"https:\/\/www.abc-assessors.com\/wp-content\/uploads\/2021\/10\/marques-andorra.jpg\",\"datePublished\":\"2021-10-06T15:59:54+00:00\",\"dateModified\":\"2026-03-12T15:53:52+00:00\",\"breadcrumb\":{\"@id\":\"https:\/\/www.abc-assessors.com\/es\/marcas-y-patentes\/#breadcrumb\"},\"inLanguage\":\"es\",\"potentialAction\":[{\"@type\":\"ReadAction\",\"target\":[\"https:\/\/www.abc-assessors.com\/es\/marcas-y-patentes\/\"]}]},{\"@type\":\"ImageObject\",\"inLanguage\":\"es\",\"@id\":\"https:\/\/www.abc-assessors.com\/es\/marcas-y-patentes\/#primaryimage\",\"url\":\"https:\/\/www.abc-assessors.com\/wp-content\/uploads\/2021\/10\/marques-andorra.jpg\",\"contentUrl\":\"https:\/\/www.abc-assessors.com\/wp-content\/uploads\/2021\/10\/marques-andorra.jpg\"},{\"@type\":\"BreadcrumbList\",\"@id\":\"https:\/\/www.abc-assessors.com\/es\/marcas-y-patentes\/#breadcrumb\",\"itemListElement\":[{\"@type\":\"ListItem\",\"position\":1,\"name\":\"Inici\",\"item\":\"https:\/\/www.abc-assessors.com\/es\/inicio\/\"},{\"@type\":\"ListItem\",\"position\":2,\"name\":\"Marcas y Patentes\"}]},{\"@type\":\"WebSite\",\"@id\":\"https:\/\/www.abc-assessors.com\/es\/#website\",\"url\":\"https:\/\/www.abc-assessors.com\/es\/\",\"name\":\"ABC Assessors i Consultors\",\"description\":\"\",\"publisher\":{\"@id\":\"https:\/\/www.abc-assessors.com\/es\/#organization\"},\"potentialAction\":[{\"@type\":\"SearchAction\",\"target\":{\"@type\":\"EntryPoint\",\"urlTemplate\":\"https:\/\/www.abc-assessors.com\/es\/?s={search_term_string}\"},\"query-input\":{\"@type\":\"PropertyValueSpecification\",\"valueRequired\":true,\"valueName\":\"search_term_string\"}}],\"inLanguage\":\"es\"},{\"@type\":\"Organization\",\"@id\":\"https:\/\/www.abc-assessors.com\/es\/#organization\",\"name\":\"ABC Assessors i Consultors\",\"url\":\"https:\/\/www.abc-assessors.com\/es\/\",\"logo\":{\"@type\":\"ImageObject\",\"inLanguage\":\"es\",\"@id\":\"https:\/\/www.abc-assessors.com\/es\/#\/schema\/logo\/image\/\",\"url\":\"https:\/\/www.abc-assessors.com\/wp-content\/uploads\/2021\/11\/cropped-cropped-logo-web-ok3.png\",\"contentUrl\":\"https:\/\/www.abc-assessors.com\/wp-content\/uploads\/2021\/11\/cropped-cropped-logo-web-ok3.png\",\"width\":399,\"height\":138,\"caption\":\"ABC Assessors i Consultors\"},\"image\":{\"@id\":\"https:\/\/www.abc-assessors.com\/es\/#\/schema\/logo\/image\/\"},\"sameAs\":[\"https:\/\/www.facebook.com\/ABCassessorsandorra\/\",\"https:\/\/www.instagram.com\/abcassessors\/\",\"https:\/\/www.linkedin.com\/company\/abc-assessors\"]}]}<\/script>\n<!-- \/ Yoast SEO plugin. -->","yoast_head_json":{"title":"Marcas y Patentes - ABC Assessors i Consultors","robots":{"index":"index","follow":"follow","max-snippet":"max-snippet:-1","max-image-preview":"max-image-preview:large","max-video-preview":"max-video-preview:-1"},"canonical":"https:\/\/www.abc-assessors.com\/es\/marcas-y-patentes\/","og_locale":"es_ES","og_type":"article","og_title":"Marcas y Patentes - ABC Assessors i Consultors","og_description":"Desde el Grup ABC ofrecemos el servicio de registro de marcas y patentes, en tanto que mandatarios y agentes de patentes acreditados ante la Oficina de Marcas del Principado de Andorra. Contamos con Abogados especializados en propiedad intelectual que ofrecen a nuestros clientes un servicio global en todo lo que afecta a los derechos derivados...","og_url":"https:\/\/www.abc-assessors.com\/es\/marcas-y-patentes\/","og_site_name":"ABC Assessors i Consultors","article_publisher":"https:\/\/www.facebook.com\/ABCassessorsandorra\/","article_modified_time":"2026-03-12T15:53:52+00:00","og_image":[{"url":"https:\/\/www.abc-assessors.com\/wp-content\/uploads\/2021\/10\/marques-andorra.jpg","type":"","width":"","height":""}],"twitter_card":"summary_large_image","twitter_misc":{"Tiempo de lectura":"2 minutos"},"schema":{"@context":"https:\/\/schema.org","@graph":[{"@type":"WebPage","@id":"https:\/\/www.abc-assessors.com\/es\/marcas-y-patentes\/","url":"https:\/\/www.abc-assessors.com\/es\/marcas-y-patentes\/","name":"Marcas y Patentes - ABC Assessors i Consultors","isPartOf":{"@id":"https:\/\/www.abc-assessors.com\/es\/#website"},"primaryImageOfPage":{"@id":"https:\/\/www.abc-assessors.com\/es\/marcas-y-patentes\/#primaryimage"},"image":{"@id":"https:\/\/www.abc-assessors.com\/es\/marcas-y-patentes\/#primaryimage"},"thumbnailUrl":"https:\/\/www.abc-assessors.com\/wp-content\/uploads\/2021\/10\/marques-andorra.jpg","datePublished":"2021-10-06T15:59:54+00:00","dateModified":"2026-03-12T15:53:52+00:00","breadcrumb":{"@id":"https:\/\/www.abc-assessors.com\/es\/marcas-y-patentes\/#breadcrumb"},"inLanguage":"es","potentialAction":[{"@type":"ReadAction","target":["https:\/\/www.abc-assessors.com\/es\/marcas-y-patentes\/"]}]},{"@type":"ImageObject","inLanguage":"es","@id":"https:\/\/www.abc-assessors.com\/es\/marcas-y-patentes\/#primaryimage","url":"https:\/\/www.abc-assessors.com\/wp-content\/uploads\/2021\/10\/marques-andorra.jpg","contentUrl":"https:\/\/www.abc-assessors.com\/wp-content\/uploads\/2021\/10\/marques-andorra.jpg"},{"@type":"BreadcrumbList","@id":"https:\/\/www.abc-assessors.com\/es\/marcas-y-patentes\/#breadcrumb","itemListElement":[{"@type":"ListItem","position":1,"name":"Inici","item":"https:\/\/www.abc-assessors.com\/es\/inicio\/"},{"@type":"ListItem","position":2,"name":"Marcas y Patentes"}]},{"@type":"WebSite","@id":"https:\/\/www.abc-assessors.com\/es\/#website","url":"https:\/\/www.abc-assessors.com\/es\/","name":"ABC Assessors i Consultors","description":"","publisher":{"@id":"https:\/\/www.abc-assessors.com\/es\/#organization"},"potentialAction":[{"@type":"SearchAction","target":{"@type":"EntryPoint","urlTemplate":"https:\/\/www.abc-assessors.com\/es\/?s={search_term_string}"},"query-input":{"@type":"PropertyValueSpecification","valueRequired":true,"valueName":"search_term_string"}}],"inLanguage":"es"},{"@type":"Organization","@id":"https:\/\/www.abc-assessors.com\/es\/#organization","name":"ABC Assessors i Consultors","url":"https:\/\/www.abc-assessors.com\/es\/","logo":{"@type":"ImageObject","inLanguage":"es","@id":"https:\/\/www.abc-assessors.com\/es\/#\/schema\/logo\/image\/","url":"https:\/\/www.abc-assessors.com\/wp-content\/uploads\/2021\/11\/cropped-cropped-logo-web-ok3.png","contentUrl":"https:\/\/www.abc-assessors.com\/wp-content\/uploads\/2021\/11\/cropped-cropped-logo-web-ok3.png","width":399,"height":138,"caption":"ABC Assessors i Consultors"},"image":{"@id":"https:\/\/www.abc-assessors.com\/es\/#\/schema\/logo\/image\/"},"sameAs":["https:\/\/www.facebook.com\/ABCassessorsandorra\/","https:\/\/www.instagram.com\/abcassessors\/","https:\/\/www.linkedin.com\/company\/abc-assessors"]}]}},"_links":{"self":[{"href":"https:\/\/www.abc-assessors.com\/es\/wp-json\/wp\/v2\/pages\/988754","targetHints":{"allow":["GET"]}}],"collection":[{"href":"https:\/\/www.abc-assessors.com\/es\/wp-json\/wp\/v2\/pages"}],"about":[{"href":"https:\/\/www.abc-assessors.com\/es\/wp-json\/wp\/v2\/types\/page"}],"author":[{"embeddable":true,"href":"https:\/\/www.abc-assessors.com\/es\/wp-json\/wp\/v2\/users\/1"}],"replies":[{"embeddable":true,"href":"https:\/\/www.abc-assessors.com\/es\/wp-json\/wp\/v2\/comments?post=988754"}],"version-history":[{"count":5,"href":"https:\/\/www.abc-assessors.com\/es\/wp-json\/wp\/v2\/pages\/988754\/revisions"}],"predecessor-version":[{"id":989145,"href":"https:\/\/www.abc-assessors.com\/es\/wp-json\/wp\/v2\/pages\/988754\/revisions\/989145"}],"wp:attachment":[{"href":"https:\/\/www.abc-assessors.com\/es\/wp-json\/wp\/v2\/media?parent=988754"}],"curies":[{"name":"wp","href":"https:\/\/api.w.org\/{rel}","templated":true}]}}