{"id":988807,"date":"2016-12-05T16:27:32","date_gmt":"2016-12-05T14:27:32","guid":{"rendered":"https:\/\/www.abc-assessors.com\/quienes-somos\/"},"modified":"2024-04-17T16:59:14","modified_gmt":"2024-04-17T14:59:14","slug":"quienes-somos","status":"publish","type":"page","link":"https:\/\/www.abc-assessors.com\/es\/quienes-somos\/","title":{"rendered":"Quienes somos"},"content":{"rendered":"<div class=\"vgblk-rw-wrapper limit-wrapper\">\n<h2>\n\tGrupo ABC\n\t<\/h2>\n\t<h4>Las empresas del Grupo ABC est\u00e1n formadas por Abogados, Economistas, Asesores Fiscales y otros profesionales. Ofrecemos un servicio integral de asesoramiento, consultor\u00eda y gesti\u00f3n tanto a particulares como a empresas, en los \u00e1mbitos nacional e internacional.<\/h4>\n<h2>\n\tPasi\u00f3n y eficacia\n\t<\/h2>\n\t<h4>La pasi\u00f3n que sentimos por nuestra profesi\u00f3n hace que estemos permanentemente actualizados en todas las novedades y cambios legislativos, coyunturales y econ\u00f3micos que afectan directa o indirectamente a nuestros clientes garantizando, de esta forma, la eficacia de nuestro servicio.<\/h4>\n<h2>\n\tDesde 2003\n\t<\/h2>\n\t<h4>Los inicios del Grupo ABC se remontan al a\u00f1o 2003 y durante todos estos a\u00f1os de trayectoria profesional hemos consolidado nuestra firma caracteriz\u00e1ndonos principalmente por nuestro trato personalizado y directo con el cliente, siempre manteniendo valores como la confidencialidad, la confianza, la dedicaci\u00f3n, compromiso y adaptabilidad a las necesidades de aquellas empresas o particulares que conf\u00edan en nuestros servicios.<\/h4>\n<h3>\n\tFormamos parte de:\n\t<\/h3>\n\t\t\t\t\t\t\t<img loading=\"lazy\" decoding=\"async\" src=\"https:\/\/www.abc-assessors.com\/wp-content\/uploads\/2021\/07\/advocats2.jpg\" alt=\"advocats2\" itemprop=\"image\" height=\"141\" width=\"252\" data-link-type=\"url\" title=\"advocats2\" onerror=\"this.style.display='none'\"  sizes=\"auto, (max-width: 768px) 100vw, 100vw\"\/>\t\t\t\t\t\t\t\n\t\t\t\t\t\t\t<img loading=\"lazy\" decoding=\"async\" src=\"https:\/\/www.abc-assessors.com\/wp-content\/uploads\/2021\/07\/coea2.jpg\" alt=\"coea2\" itemprop=\"image\" height=\"141\" width=\"252\" data-link-type=\"url\" title=\"coea2\" onerror=\"this.style.display='none'\"  sizes=\"auto, (max-width: 768px) 100vw, 100vw\"\/>\t\t\t\t\t\t\t\n\t\t\t\t\t\t\t<img loading=\"lazy\" decoding=\"async\" src=\"https:\/\/www.abc-assessors.com\/wp-content\/uploads\/2021\/07\/comptables2.jpg\" alt=\"comptables2\" itemprop=\"image\" height=\"141\" width=\"252\" data-link-type=\"url\" title=\"comptables2\" onerror=\"this.style.display='none'\"  sizes=\"auto, (max-width: 768px) 100vw, 100vw\"\/>\t\t\t\t\t\t\t\n\t\t\t\t\t\t\t<img loading=\"lazy\" decoding=\"async\" src=\"https:\/\/www.abc-assessors.com\/wp-content\/uploads\/2021\/07\/aatf2.jpg\" alt=\"aatf2\" itemprop=\"image\" height=\"141\" width=\"252\" data-link-type=\"url\" title=\"aatf2\" onerror=\"this.style.display='none'\"  sizes=\"auto, (max-width: 768px) 100vw, 100vw\"\/>\t\t\t\t\t\t\t\n<h2>\n\tEquipo\n\t<\/h2>\n\t\t\t\t\t\t\t<img width=\"500\" height=\"500\" src=\"https:\/\/www.abc-assessors.com\/wp-content\/uploads\/2021\/07\/montse.jpg\" alt=\"Montse Armengol Vargas\" decoding=\"async\" loading=\"lazy\" srcset=\"https:\/\/www.abc-assessors.com\/wp-content\/uploads\/2021\/07\/montse.jpg 500w, https:\/\/www.abc-assessors.com\/wp-content\/uploads\/2021\/07\/montse-300x300.jpg 300w, https:\/\/www.abc-assessors.com\/wp-content\/uploads\/2021\/07\/montse-150x150.jpg 150w, https:\/\/www.abc-assessors.com\/wp-content\/uploads\/2021\/07\/montse-420x420.jpg 420w, https:\/\/www.abc-assessors.com\/wp-content\/uploads\/2021\/07\/montse-315x315.jpg 315w, https:\/\/www.abc-assessors.com\/wp-content\/uploads\/2021\/07\/montse-100x100.jpg 100w\" sizes=\"auto, (max-width: 500px) 100vw, 500px\" \/>\t\t\t\n\t\t\t\t\t\t\t\t\t\t\t<a href=\"https:\/\/www.linkedin.com\/in\/montse-armengol-0b454767\/\">&#58904;<\/a>\n\t\t\n\t\t\t\t<p><strong>Montse Armengol Vargas<br \/><\/strong><br \/>Socia Fundadora-Economista<\/p>\t\t\t\n\t\t\t\t\t\t\t<img width=\"500\" height=\"500\" src=\"https:\/\/www.abc-assessors.com\/wp-content\/uploads\/2021\/07\/rosa.jpg\" alt=\"Rosa Boronat Canal\" decoding=\"async\" loading=\"lazy\" srcset=\"https:\/\/www.abc-assessors.com\/wp-content\/uploads\/2021\/07\/rosa.jpg 500w, https:\/\/www.abc-assessors.com\/wp-content\/uploads\/2021\/07\/rosa-300x300.jpg 300w, https:\/\/www.abc-assessors.com\/wp-content\/uploads\/2021\/07\/rosa-150x150.jpg 150w, https:\/\/www.abc-assessors.com\/wp-content\/uploads\/2021\/07\/rosa-420x420.jpg 420w, https:\/\/www.abc-assessors.com\/wp-content\/uploads\/2021\/07\/rosa-315x315.jpg 315w, https:\/\/www.abc-assessors.com\/wp-content\/uploads\/2021\/07\/rosa-100x100.jpg 100w\" sizes=\"auto, (max-width: 500px) 100vw, 500px\" \/>\t\t\t\n\t\t\t\t\t\t\t\t\t\t\t<a href=\"https:\/\/www.linkedin.com\/in\/rosa-boronat-1a7b6645\/\">&#58904;<\/a>\n\t\t\n\t\t\t\t<strong>Rosa Boronat Canal<br \/>\n<\/strong><br \/>\nSocia Fundadora-Abogada\t\t\t\n\t\t\t\t\t\t\t<img width=\"500\" height=\"500\" src=\"https:\/\/www.abc-assessors.com\/wp-content\/uploads\/2021\/07\/olga.jpg\" alt=\"Olga Codina Roquet\" decoding=\"async\" loading=\"lazy\" srcset=\"https:\/\/www.abc-assessors.com\/wp-content\/uploads\/2021\/07\/olga.jpg 500w, https:\/\/www.abc-assessors.com\/wp-content\/uploads\/2021\/07\/olga-300x300.jpg 300w, https:\/\/www.abc-assessors.com\/wp-content\/uploads\/2021\/07\/olga-150x150.jpg 150w, https:\/\/www.abc-assessors.com\/wp-content\/uploads\/2021\/07\/olga-420x420.jpg 420w, https:\/\/www.abc-assessors.com\/wp-content\/uploads\/2021\/07\/olga-315x315.jpg 315w, https:\/\/www.abc-assessors.com\/wp-content\/uploads\/2021\/07\/olga-100x100.jpg 100w\" sizes=\"auto, (max-width: 500px) 100vw, 500px\" \/>\t\t\t\n\t\t\t\t\t\t\t\t\t\t\t<a href=\"https:\/\/www.linkedin.com\/in\/olga-codina-roquet-102a7641\/\">&#58904;<\/a>\n\t\t\n\t\t\t\t<p><strong>Olga Codina Roquet<br \/><\/strong><br \/>Socia Fundadora-Abogada<\/p>\t\t\t\n\t\t\t\t\t\t\t<img width=\"500\" height=\"500\" src=\"https:\/\/www.abc-assessors.com\/wp-content\/uploads\/2021\/07\/robert.jpg\" alt=\"Robert Vil\u00e0 Pujal\" decoding=\"async\" loading=\"lazy\" srcset=\"https:\/\/www.abc-assessors.com\/wp-content\/uploads\/2021\/07\/robert.jpg 500w, https:\/\/www.abc-assessors.com\/wp-content\/uploads\/2021\/07\/robert-300x300.jpg 300w, https:\/\/www.abc-assessors.com\/wp-content\/uploads\/2021\/07\/robert-150x150.jpg 150w, https:\/\/www.abc-assessors.com\/wp-content\/uploads\/2021\/07\/robert-420x420.jpg 420w, https:\/\/www.abc-assessors.com\/wp-content\/uploads\/2021\/07\/robert-315x315.jpg 315w, https:\/\/www.abc-assessors.com\/wp-content\/uploads\/2021\/07\/robert-100x100.jpg 100w\" sizes=\"auto, (max-width: 500px) 100vw, 500px\" \/>\t\t\t\n\t\t\t\t\t\t\t\t\t\t\t<a href=\"https:\/\/www.linkedin.com\/in\/robert-vil%C3%A0-pujal-41047720b\/\">&#58904;<\/a>\n\t\t\n\t\t\t\t<strong>Robert Vil\u00e0 Pujal<br \/>\n<\/strong><br \/>\nSocio-Economista\t\t\t\n\n<\/div><!-- .vgblk-rw-wrapper -->","protected":false},"excerpt":{"rendered":"<p>Grupo ABC Las empresas del Grupo ABC est\u00e1n formadas por Abogados, Economistas, Asesores Fiscales y otros profesionales. Ofrecemos un servicio integral de asesoramiento, consultor\u00eda y gesti\u00f3n tanto a particulares como a empresas, en los \u00e1mbitos nacional e internacional. Pasi\u00f3n y eficacia La pasi\u00f3n que sentimos por nuestra profesi\u00f3n hace que estemos permanentemente actualizados en todas&#8230;<\/p>\n","protected":false},"author":1,"featured_media":0,"parent":0,"menu_order":0,"comment_status":"closed","ping_status":"closed","template":"","meta":{"inline_featured_image":false,"footnotes":""},"class_list":["post-988807","page","type-page","status-publish","hentry"],"yoast_head":"<!-- This site is optimized with the Yoast SEO plugin v27.4 - https:\/\/yoast.com\/product\/yoast-seo-wordpress\/ -->\n<title>Quienes somos - ABC Assessors i Consultors<\/title>\n<meta name=\"robots\" content=\"index, follow, max-snippet:-1, max-image-preview:large, max-video-preview:-1\" \/>\n<link rel=\"canonical\" href=\"https:\/\/www.abc-assessors.com\/es\/quienes-somos\/\" \/>\n<meta property=\"og:locale\" content=\"es_ES\" \/>\n<meta property=\"og:type\" content=\"article\" \/>\n<meta property=\"og:title\" content=\"Quienes somos - ABC Assessors i Consultors\" \/>\n<meta property=\"og:description\" content=\"Grupo ABC Las empresas del Grupo ABC est\u00e1n formadas por Abogados, Economistas, Asesores Fiscales y otros profesionales. Ofrecemos un servicio integral de asesoramiento, consultor\u00eda y gesti\u00f3n tanto a particulares como a empresas, en los \u00e1mbitos nacional e internacional. Pasi\u00f3n y eficacia La pasi\u00f3n que sentimos por nuestra profesi\u00f3n hace que estemos permanentemente actualizados en todas...\" \/>\n<meta property=\"og:url\" content=\"https:\/\/www.abc-assessors.com\/es\/quienes-somos\/\" \/>\n<meta property=\"og:site_name\" content=\"ABC Assessors i Consultors\" \/>\n<meta property=\"article:publisher\" content=\"https:\/\/www.facebook.com\/ABCassessorsandorra\/\" \/>\n<meta property=\"article:modified_time\" content=\"2024-04-17T14:59:14+00:00\" \/>\n<meta property=\"og:image\" content=\"https:\/\/www.abc-assessors.com\/wp-content\/uploads\/2021\/07\/advocats2.jpg\" \/>\n<meta name=\"twitter:card\" content=\"summary_large_image\" \/>\n<meta name=\"twitter:label1\" content=\"Tiempo de lectura\" \/>\n\t<meta name=\"twitter:data1\" content=\"1 minuto\" \/>\n<script type=\"application\/ld+json\" class=\"yoast-schema-graph\">{\"@context\":\"https:\\\/\\\/schema.org\",\"@graph\":[{\"@type\":\"WebPage\",\"@id\":\"https:\\\/\\\/www.abc-assessors.com\\\/es\\\/quienes-somos\\\/\",\"url\":\"https:\\\/\\\/www.abc-assessors.com\\\/es\\\/quienes-somos\\\/\",\"name\":\"Quienes somos - ABC Assessors i Consultors\",\"isPartOf\":{\"@id\":\"https:\\\/\\\/www.abc-assessors.com\\\/es\\\/#website\"},\"primaryImageOfPage\":{\"@id\":\"https:\\\/\\\/www.abc-assessors.com\\\/es\\\/quienes-somos\\\/#primaryimage\"},\"image\":{\"@id\":\"https:\\\/\\\/www.abc-assessors.com\\\/es\\\/quienes-somos\\\/#primaryimage\"},\"thumbnailUrl\":\"https:\\\/\\\/www.abc-assessors.com\\\/wp-content\\\/uploads\\\/2021\\\/07\\\/advocats2.jpg\",\"datePublished\":\"2016-12-05T14:27:32+00:00\",\"dateModified\":\"2024-04-17T14:59:14+00:00\",\"breadcrumb\":{\"@id\":\"https:\\\/\\\/www.abc-assessors.com\\\/es\\\/quienes-somos\\\/#breadcrumb\"},\"inLanguage\":\"es\",\"potentialAction\":[{\"@type\":\"ReadAction\",\"target\":[\"https:\\\/\\\/www.abc-assessors.com\\\/es\\\/quienes-somos\\\/\"]}]},{\"@type\":\"ImageObject\",\"inLanguage\":\"es\",\"@id\":\"https:\\\/\\\/www.abc-assessors.com\\\/es\\\/quienes-somos\\\/#primaryimage\",\"url\":\"https:\\\/\\\/www.abc-assessors.com\\\/wp-content\\\/uploads\\\/2021\\\/07\\\/advocats2.jpg\",\"contentUrl\":\"https:\\\/\\\/www.abc-assessors.com\\\/wp-content\\\/uploads\\\/2021\\\/07\\\/advocats2.jpg\"},{\"@type\":\"BreadcrumbList\",\"@id\":\"https:\\\/\\\/www.abc-assessors.com\\\/es\\\/quienes-somos\\\/#breadcrumb\",\"itemListElement\":[{\"@type\":\"ListItem\",\"position\":1,\"name\":\"Inici\",\"item\":\"https:\\\/\\\/www.abc-assessors.com\\\/es\\\/inicio\\\/\"},{\"@type\":\"ListItem\",\"position\":2,\"name\":\"Quienes somos\"}]},{\"@type\":\"WebSite\",\"@id\":\"https:\\\/\\\/www.abc-assessors.com\\\/es\\\/#website\",\"url\":\"https:\\\/\\\/www.abc-assessors.com\\\/es\\\/\",\"name\":\"ABC Assessors i Consultors\",\"description\":\"\",\"publisher\":{\"@id\":\"https:\\\/\\\/www.abc-assessors.com\\\/es\\\/#organization\"},\"potentialAction\":[{\"@type\":\"SearchAction\",\"target\":{\"@type\":\"EntryPoint\",\"urlTemplate\":\"https:\\\/\\\/www.abc-assessors.com\\\/es\\\/?s={search_term_string}\"},\"query-input\":{\"@type\":\"PropertyValueSpecification\",\"valueRequired\":true,\"valueName\":\"search_term_string\"}}],\"inLanguage\":\"es\"},{\"@type\":\"Organization\",\"@id\":\"https:\\\/\\\/www.abc-assessors.com\\\/es\\\/#organization\",\"name\":\"ABC Assessors i Consultors\",\"url\":\"https:\\\/\\\/www.abc-assessors.com\\\/es\\\/\",\"logo\":{\"@type\":\"ImageObject\",\"inLanguage\":\"es\",\"@id\":\"https:\\\/\\\/www.abc-assessors.com\\\/es\\\/#\\\/schema\\\/logo\\\/image\\\/\",\"url\":\"https:\\\/\\\/www.abc-assessors.com\\\/wp-content\\\/uploads\\\/2021\\\/11\\\/cropped-cropped-logo-web-ok3.png\",\"contentUrl\":\"https:\\\/\\\/www.abc-assessors.com\\\/wp-content\\\/uploads\\\/2021\\\/11\\\/cropped-cropped-logo-web-ok3.png\",\"width\":399,\"height\":138,\"caption\":\"ABC Assessors i Consultors\"},\"image\":{\"@id\":\"https:\\\/\\\/www.abc-assessors.com\\\/es\\\/#\\\/schema\\\/logo\\\/image\\\/\"},\"sameAs\":[\"https:\\\/\\\/www.facebook.com\\\/ABCassessorsandorra\\\/\",\"https:\\\/\\\/www.instagram.com\\\/abcassessors\\\/\",\"https:\\\/\\\/www.linkedin.com\\\/company\\\/abc-assessors\"]}]}<\/script>\n<!-- \/ Yoast SEO plugin. -->","yoast_head_json":{"title":"Quienes somos - ABC Assessors i Consultors","robots":{"index":"index","follow":"follow","max-snippet":"max-snippet:-1","max-image-preview":"max-image-preview:large","max-video-preview":"max-video-preview:-1"},"canonical":"https:\/\/www.abc-assessors.com\/es\/quienes-somos\/","og_locale":"es_ES","og_type":"article","og_title":"Quienes somos - ABC Assessors i Consultors","og_description":"Grupo ABC Las empresas del Grupo ABC est\u00e1n formadas por Abogados, Economistas, Asesores Fiscales y otros profesionales. Ofrecemos un servicio integral de asesoramiento, consultor\u00eda y gesti\u00f3n tanto a particulares como a empresas, en los \u00e1mbitos nacional e internacional. Pasi\u00f3n y eficacia La pasi\u00f3n que sentimos por nuestra profesi\u00f3n hace que estemos permanentemente actualizados en todas...","og_url":"https:\/\/www.abc-assessors.com\/es\/quienes-somos\/","og_site_name":"ABC Assessors i Consultors","article_publisher":"https:\/\/www.facebook.com\/ABCassessorsandorra\/","article_modified_time":"2024-04-17T14:59:14+00:00","og_image":[{"url":"https:\/\/www.abc-assessors.com\/wp-content\/uploads\/2021\/07\/advocats2.jpg","type":"","width":"","height":""}],"twitter_card":"summary_large_image","twitter_misc":{"Tiempo de lectura":"1 minuto"},"schema":{"@context":"https:\/\/schema.org","@graph":[{"@type":"WebPage","@id":"https:\/\/www.abc-assessors.com\/es\/quienes-somos\/","url":"https:\/\/www.abc-assessors.com\/es\/quienes-somos\/","name":"Quienes somos - ABC Assessors i Consultors","isPartOf":{"@id":"https:\/\/www.abc-assessors.com\/es\/#website"},"primaryImageOfPage":{"@id":"https:\/\/www.abc-assessors.com\/es\/quienes-somos\/#primaryimage"},"image":{"@id":"https:\/\/www.abc-assessors.com\/es\/quienes-somos\/#primaryimage"},"thumbnailUrl":"https:\/\/www.abc-assessors.com\/wp-content\/uploads\/2021\/07\/advocats2.jpg","datePublished":"2016-12-05T14:27:32+00:00","dateModified":"2024-04-17T14:59:14+00:00","breadcrumb":{"@id":"https:\/\/www.abc-assessors.com\/es\/quienes-somos\/#breadcrumb"},"inLanguage":"es","potentialAction":[{"@type":"ReadAction","target":["https:\/\/www.abc-assessors.com\/es\/quienes-somos\/"]}]},{"@type":"ImageObject","inLanguage":"es","@id":"https:\/\/www.abc-assessors.com\/es\/quienes-somos\/#primaryimage","url":"https:\/\/www.abc-assessors.com\/wp-content\/uploads\/2021\/07\/advocats2.jpg","contentUrl":"https:\/\/www.abc-assessors.com\/wp-content\/uploads\/2021\/07\/advocats2.jpg"},{"@type":"BreadcrumbList","@id":"https:\/\/www.abc-assessors.com\/es\/quienes-somos\/#breadcrumb","itemListElement":[{"@type":"ListItem","position":1,"name":"Inici","item":"https:\/\/www.abc-assessors.com\/es\/inicio\/"},{"@type":"ListItem","position":2,"name":"Quienes somos"}]},{"@type":"WebSite","@id":"https:\/\/www.abc-assessors.com\/es\/#website","url":"https:\/\/www.abc-assessors.com\/es\/","name":"ABC Assessors i Consultors","description":"","publisher":{"@id":"https:\/\/www.abc-assessors.com\/es\/#organization"},"potentialAction":[{"@type":"SearchAction","target":{"@type":"EntryPoint","urlTemplate":"https:\/\/www.abc-assessors.com\/es\/?s={search_term_string}"},"query-input":{"@type":"PropertyValueSpecification","valueRequired":true,"valueName":"search_term_string"}}],"inLanguage":"es"},{"@type":"Organization","@id":"https:\/\/www.abc-assessors.com\/es\/#organization","name":"ABC Assessors i Consultors","url":"https:\/\/www.abc-assessors.com\/es\/","logo":{"@type":"ImageObject","inLanguage":"es","@id":"https:\/\/www.abc-assessors.com\/es\/#\/schema\/logo\/image\/","url":"https:\/\/www.abc-assessors.com\/wp-content\/uploads\/2021\/11\/cropped-cropped-logo-web-ok3.png","contentUrl":"https:\/\/www.abc-assessors.com\/wp-content\/uploads\/2021\/11\/cropped-cropped-logo-web-ok3.png","width":399,"height":138,"caption":"ABC Assessors i Consultors"},"image":{"@id":"https:\/\/www.abc-assessors.com\/es\/#\/schema\/logo\/image\/"},"sameAs":["https:\/\/www.facebook.com\/ABCassessorsandorra\/","https:\/\/www.instagram.com\/abcassessors\/","https:\/\/www.linkedin.com\/company\/abc-assessors"]}]}},"_links":{"self":[{"href":"https:\/\/www.abc-assessors.com\/es\/wp-json\/wp\/v2\/pages\/988807","targetHints":{"allow":["GET"]}}],"collection":[{"href":"https:\/\/www.abc-assessors.com\/es\/wp-json\/wp\/v2\/pages"}],"about":[{"href":"https:\/\/www.abc-assessors.com\/es\/wp-json\/wp\/v2\/types\/page"}],"author":[{"embeddable":true,"href":"https:\/\/www.abc-assessors.com\/es\/wp-json\/wp\/v2\/users\/1"}],"replies":[{"embeddable":true,"href":"https:\/\/www.abc-assessors.com\/es\/wp-json\/wp\/v2\/comments?post=988807"}],"version-history":[{"count":3,"href":"https:\/\/www.abc-assessors.com\/es\/wp-json\/wp\/v2\/pages\/988807\/revisions"}],"predecessor-version":[{"id":989075,"href":"https:\/\/www.abc-assessors.com\/es\/wp-json\/wp\/v2\/pages\/988807\/revisions\/989075"}],"wp:attachment":[{"href":"https:\/\/www.abc-assessors.com\/es\/wp-json\/wp\/v2\/media?parent=988807"}],"curies":[{"name":"wp","href":"https:\/\/api.w.org\/{rel}","templated":true}]}}