{"id":988808,"date":"2017-08-31T09:32:09","date_gmt":"2017-08-31T07:32:09","guid":{"rendered":"https:\/\/www.abc-assessors.com\/inicio\/"},"modified":"2026-05-13T15:03:53","modified_gmt":"2026-05-13T13:03:53","slug":"inicio","status":"publish","type":"page","link":"https:\/\/www.abc-assessors.com\/es\/","title":{"rendered":"Inicio"},"content":{"rendered":"<div class=\"vgblk-rw-wrapper limit-wrapper\">\n<h3>\n\tOfrecemos un servicio integral de asesoramiento, consultor\u00eda y gesti\u00f3n tanto a particulares como a empresas, en los \u00e1mbitos nacional e internacional.\n\t<\/h3>\n<h3>\n\tConfidencialidad\n\t<\/h3>\n\t<p>M\u00e1xima discreci\u00f3n en todos los asuntos comerciales, contables y fiscales<\/p>\n\t<a href=\"https:\/\/www.abc-assessors.com\/qui-som\/\" target=\"_self\" role=\"button\">\n\t\t\t\t\tM\u00e1s info\n\t<\/a>\n<h3>\n\tConfianza\n\t<\/h3>\n\tTrato personalizado y directo<br \/>\ncon el cliente.\n\t<a href=\"https:\/\/www.abc-assessors.com\/qui-som\/\" target=\"_self\" role=\"button\">\n\t\t\t\t\tM\u00e1s info\n\t<\/a>\n<h3>\n\tAdaptabilidad\n\t<\/h3>\n\t<p>A las necesidades reales de empresas y particulares para ofrecer el mejor servicio.<\/p>\n\t<a href=\"https:\/\/www.abc-assessors.com\/qui-som\/\" target=\"_self\" role=\"button\">\n\t\t\t\t\tM\u00e1s info\n\t<\/a>\n\t\t\t\t\t\t\t<img loading=\"lazy\" decoding=\"async\" src=\"https:\/\/www.abc-assessors.com\/wp-content\/uploads\/2021\/07\/abc.jpg\" alt=\"abc\" itemprop=\"image\" height=\"400\" width=\"730\" title=\"abc\" onerror=\"this.style.display='none'\"  sizes=\"auto, (max-width: 768px) 100vw, 100vw\" srcset=\"https:\/\/www.abc-assessors.com\/wp-content\/uploads\/2021\/07\/abc.jpg 730w, https:\/\/www.abc-assessors.com\/wp-content\/uploads\/2021\/07\/abc-300x164.jpg 300w, https:\/\/www.abc-assessors.com\/wp-content\/uploads\/2021\/07\/abc-630x345.jpg 630w, https:\/\/www.abc-assessors.com\/wp-content\/uploads\/2021\/07\/abc-420x230.jpg 420w, https:\/\/www.abc-assessors.com\/wp-content\/uploads\/2021\/07\/abc-315x173.jpg 315w\" \/>\t\t\t\t\t\t\t\n<h2>\n\tGrupo ABC\n\t<\/h2>\n\tLa pasi\u00f3n que sentimos por nuestra profesi\u00f3n hace que estemos permanentemente actualizados sobre las \u00faltimas novedades.<br \/>\nLas empresas del Grupo ABC est\u00e1n formadas por:\n<ul>\n<li>Abogados<\/li>\n<li>Economistas<\/li>\n<li>Asesores Fiscales<\/li>\n<li>Otros profesionales<\/li>\n<\/ul>\n\t<a href=\"https:\/\/www.abc-assessors.com\/qui-som\/\" target=\"_self\" role=\"button\">\n\t\t\t\t\tM\u00e1s info\n\t<\/a>\n<h2>\n\tNuestros servicios\n\t<\/h2>\n<h5>\n\tCada servicio se adaptar\u00e1 en la medida de lo posible a las necesidades de la persona o empresa\n\t<\/h5>\n\t<a href=\"https:\/\/www.abc-assessors.com\/es\/contacto\/\" target=\"_self\" role=\"button\">\n\t\t\t\t\tCont\u00e1ctenos\n\t<\/a>\n<h2>\n\tNuestro equipo\n\t<\/h2>\n\t<p>Los inicios del Grupo ABC se remontan al a\u00f1o 2003 y durante todos estos a\u00f1os de trayectoria profesional hemos consolidado nuestra firma, caracterizada principalmente por nuestro trato personalizado y directo con el cliente<\/p>\n\t<a href=\"https:\/\/www.abc-assessors.com\/qui-som\/\" target=\"_self\" role=\"button\">\n\t\t\t\t\tM\u00e1s info\n\t<\/a>\n\t\t\t\t\t\t\t<img loading=\"lazy\" decoding=\"async\" src=\"https:\/\/www.abc-assessors.com\/wp-content\/uploads\/2023\/06\/equip-abc-assessors.jpg\" alt=\"equip-abc-assessors\" itemprop=\"image\" height=\"400\" width=\"730\" title=\"equip-abc-assessors\" onerror=\"this.style.display='none'\"  sizes=\"auto, (max-width: 768px) 100vw, 100vw\" srcset=\"https:\/\/www.abc-assessors.com\/wp-content\/uploads\/2023\/06\/equip-abc-assessors.jpg 730w, https:\/\/www.abc-assessors.com\/wp-content\/uploads\/2023\/06\/equip-abc-assessors-300x164.jpg 300w, https:\/\/www.abc-assessors.com\/wp-content\/uploads\/2023\/06\/equip-abc-assessors-630x345.jpg 630w, https:\/\/www.abc-assessors.com\/wp-content\/uploads\/2023\/06\/equip-abc-assessors-420x230.jpg 420w, https:\/\/www.abc-assessors.com\/wp-content\/uploads\/2023\/06\/equip-abc-assessors-315x173.jpg 315w\" \/>\t\t\t\t\t\t\t\n<h3>\n\tFormamos parte de:\n\t<\/h3>\n\t<p>Desde 2003 junto con la principales asociaciones profesionales del pa\u00eds<\/p>\n\t\t\t\t\t\t\t<img loading=\"lazy\" decoding=\"async\" src=\"https:\/\/www.abc-assessors.com\/wp-content\/uploads\/2021\/07\/advocats-1.jpg\" alt=\"advocats\" itemprop=\"image\" height=\"141\" width=\"252\" title=\"advocats\" onerror=\"this.style.display='none'\"  sizes=\"auto, (max-width: 768px) 100vw, 100vw\"\/>\t\t\t\t\t\t\t\n\t\t\t\t\t\t\t<img loading=\"lazy\" decoding=\"async\" src=\"https:\/\/www.abc-assessors.com\/wp-content\/uploads\/2021\/07\/coea.jpg\" alt=\"coea\" itemprop=\"image\" height=\"141\" width=\"252\" title=\"coea\" onerror=\"this.style.display='none'\"  sizes=\"auto, (max-width: 768px) 100vw, 100vw\"\/>\t\t\t\t\t\t\t\n\t\t\t\t\t\t\t<img loading=\"lazy\" decoding=\"async\" src=\"https:\/\/www.abc-assessors.com\/wp-content\/uploads\/2021\/07\/aatf.jpg\" alt=\"aatf\" itemprop=\"image\" height=\"141\" width=\"252\" title=\"aatf\" onerror=\"this.style.display='none'\"  sizes=\"auto, (max-width: 768px) 100vw, 100vw\"\/>\t\t\t\t\t\t\t\n\t\t\t\t\t\t\t<img loading=\"lazy\" decoding=\"async\" src=\"https:\/\/www.abc-assessors.com\/wp-content\/uploads\/2021\/07\/comptables.jpg\" alt=\"comptables\" itemprop=\"image\" height=\"141\" width=\"252\" title=\"comptables\" onerror=\"this.style.display='none'\"  sizes=\"auto, (max-width: 768px) 100vw, 100vw\"\/>\t\t\t\t\t\t\t\n\n<\/div><!-- .vgblk-rw-wrapper -->","protected":false},"excerpt":{"rendered":"<p>Ofrecemos un servicio integral de asesoramiento, consultor\u00eda y gesti\u00f3n tanto a particulares como a empresas, en los \u00e1mbitos nacional e internacional. Confidencialidad M\u00e1xima discreci\u00f3n en todos los asuntos comerciales, contables y fiscales M\u00e1s info Confianza Trato personalizado y directo con el cliente. M\u00e1s info Adaptabilidad A las necesidades reales de empresas y particulares para ofrecer&#8230;<\/p>\n","protected":false},"author":1,"featured_media":0,"parent":0,"menu_order":0,"comment_status":"closed","ping_status":"closed","template":"","meta":{"inline_featured_image":false,"footnotes":""},"class_list":["post-988808","page","type-page","status-publish","hentry"],"yoast_head":"<!-- This site is optimized with the Yoast SEO plugin v27.4 - https:\/\/yoast.com\/product\/yoast-seo-wordpress\/ -->\n<title>Inicio - ABC Assessors i Consultors<\/title>\n<meta name=\"robots\" content=\"index, follow, max-snippet:-1, max-image-preview:large, max-video-preview:-1\" \/>\n<link rel=\"canonical\" href=\"https:\/\/www.abc-assessors.com\/es\/\" \/>\n<meta property=\"og:locale\" content=\"es_ES\" \/>\n<meta property=\"og:type\" content=\"article\" \/>\n<meta property=\"og:title\" content=\"Inicio - ABC Assessors i Consultors\" \/>\n<meta property=\"og:description\" content=\"Ofrecemos un servicio integral de asesoramiento, consultor\u00eda y gesti\u00f3n tanto a particulares como a empresas, en los \u00e1mbitos nacional e internacional. Confidencialidad M\u00e1xima discreci\u00f3n en todos los asuntos comerciales, contables y fiscales M\u00e1s info Confianza Trato personalizado y directo con el cliente. M\u00e1s info Adaptabilidad A las necesidades reales de empresas y particulares para ofrecer...\" \/>\n<meta property=\"og:url\" content=\"https:\/\/www.abc-assessors.com\/es\/\" \/>\n<meta property=\"og:site_name\" content=\"ABC Assessors i Consultors\" \/>\n<meta property=\"article:publisher\" content=\"https:\/\/www.facebook.com\/ABCassessorsandorra\/\" \/>\n<meta property=\"article:modified_time\" content=\"2026-05-13T13:03:53+00:00\" \/>\n<meta property=\"og:image\" content=\"https:\/\/www.abc-assessors.com\/wp-content\/uploads\/2021\/07\/abc.jpg\" \/>\n<meta name=\"twitter:card\" content=\"summary_large_image\" \/>\n<meta name=\"twitter:label1\" content=\"Tiempo de lectura\" \/>\n\t<meta name=\"twitter:data1\" content=\"1 minuto\" \/>\n<script type=\"application\/ld+json\" class=\"yoast-schema-graph\">{\"@context\":\"https:\\\/\\\/schema.org\",\"@graph\":[{\"@type\":\"WebPage\",\"@id\":\"https:\\\/\\\/www.abc-assessors.com\\\/es\\\/\",\"url\":\"https:\\\/\\\/www.abc-assessors.com\\\/es\\\/\",\"name\":\"Inicio - ABC Assessors i Consultors\",\"isPartOf\":{\"@id\":\"https:\\\/\\\/www.abc-assessors.com\\\/es\\\/#website\"},\"primaryImageOfPage\":{\"@id\":\"https:\\\/\\\/www.abc-assessors.com\\\/es\\\/#primaryimage\"},\"image\":{\"@id\":\"https:\\\/\\\/www.abc-assessors.com\\\/es\\\/#primaryimage\"},\"thumbnailUrl\":\"https:\\\/\\\/www.abc-assessors.com\\\/wp-content\\\/uploads\\\/2021\\\/07\\\/abc.jpg\",\"datePublished\":\"2017-08-31T07:32:09+00:00\",\"dateModified\":\"2026-05-13T13:03:53+00:00\",\"breadcrumb\":{\"@id\":\"https:\\\/\\\/www.abc-assessors.com\\\/es\\\/#breadcrumb\"},\"inLanguage\":\"es\",\"potentialAction\":[{\"@type\":\"ReadAction\",\"target\":[\"https:\\\/\\\/www.abc-assessors.com\\\/es\\\/\"]}]},{\"@type\":\"ImageObject\",\"inLanguage\":\"es\",\"@id\":\"https:\\\/\\\/www.abc-assessors.com\\\/es\\\/#primaryimage\",\"url\":\"https:\\\/\\\/www.abc-assessors.com\\\/wp-content\\\/uploads\\\/2021\\\/07\\\/abc.jpg\",\"contentUrl\":\"https:\\\/\\\/www.abc-assessors.com\\\/wp-content\\\/uploads\\\/2021\\\/07\\\/abc.jpg\"},{\"@type\":\"BreadcrumbList\",\"@id\":\"https:\\\/\\\/www.abc-assessors.com\\\/es\\\/#breadcrumb\",\"itemListElement\":[{\"@type\":\"ListItem\",\"position\":1,\"name\":\"Inici\",\"item\":\"https:\\\/\\\/www.abc-assessors.com\\\/es\\\/\"},{\"@type\":\"ListItem\",\"position\":2,\"name\":\"Inicio\"}]},{\"@type\":\"WebSite\",\"@id\":\"https:\\\/\\\/www.abc-assessors.com\\\/es\\\/#website\",\"url\":\"https:\\\/\\\/www.abc-assessors.com\\\/es\\\/\",\"name\":\"ABC Assessors i Consultors\",\"description\":\"\",\"publisher\":{\"@id\":\"https:\\\/\\\/www.abc-assessors.com\\\/es\\\/#organization\"},\"potentialAction\":[{\"@type\":\"SearchAction\",\"target\":{\"@type\":\"EntryPoint\",\"urlTemplate\":\"https:\\\/\\\/www.abc-assessors.com\\\/es\\\/?s={search_term_string}\"},\"query-input\":{\"@type\":\"PropertyValueSpecification\",\"valueRequired\":true,\"valueName\":\"search_term_string\"}}],\"inLanguage\":\"es\"},{\"@type\":\"Organization\",\"@id\":\"https:\\\/\\\/www.abc-assessors.com\\\/es\\\/#organization\",\"name\":\"ABC Assessors i Consultors\",\"url\":\"https:\\\/\\\/www.abc-assessors.com\\\/es\\\/\",\"logo\":{\"@type\":\"ImageObject\",\"inLanguage\":\"es\",\"@id\":\"https:\\\/\\\/www.abc-assessors.com\\\/es\\\/#\\\/schema\\\/logo\\\/image\\\/\",\"url\":\"https:\\\/\\\/www.abc-assessors.com\\\/wp-content\\\/uploads\\\/2021\\\/11\\\/cropped-cropped-logo-web-ok3.png\",\"contentUrl\":\"https:\\\/\\\/www.abc-assessors.com\\\/wp-content\\\/uploads\\\/2021\\\/11\\\/cropped-cropped-logo-web-ok3.png\",\"width\":399,\"height\":138,\"caption\":\"ABC Assessors i Consultors\"},\"image\":{\"@id\":\"https:\\\/\\\/www.abc-assessors.com\\\/es\\\/#\\\/schema\\\/logo\\\/image\\\/\"},\"sameAs\":[\"https:\\\/\\\/www.facebook.com\\\/ABCassessorsandorra\\\/\",\"https:\\\/\\\/www.instagram.com\\\/abcassessors\\\/\",\"https:\\\/\\\/www.linkedin.com\\\/company\\\/abc-assessors\"]}]}<\/script>\n<!-- \/ Yoast SEO plugin. -->","yoast_head_json":{"title":"Inicio - ABC Assessors i Consultors","robots":{"index":"index","follow":"follow","max-snippet":"max-snippet:-1","max-image-preview":"max-image-preview:large","max-video-preview":"max-video-preview:-1"},"canonical":"https:\/\/www.abc-assessors.com\/es\/","og_locale":"es_ES","og_type":"article","og_title":"Inicio - ABC Assessors i Consultors","og_description":"Ofrecemos un servicio integral de asesoramiento, consultor\u00eda y gesti\u00f3n tanto a particulares como a empresas, en los \u00e1mbitos nacional e internacional. Confidencialidad M\u00e1xima discreci\u00f3n en todos los asuntos comerciales, contables y fiscales M\u00e1s info Confianza Trato personalizado y directo con el cliente. M\u00e1s info Adaptabilidad A las necesidades reales de empresas y particulares para ofrecer...","og_url":"https:\/\/www.abc-assessors.com\/es\/","og_site_name":"ABC Assessors i Consultors","article_publisher":"https:\/\/www.facebook.com\/ABCassessorsandorra\/","article_modified_time":"2026-05-13T13:03:53+00:00","og_image":[{"url":"https:\/\/www.abc-assessors.com\/wp-content\/uploads\/2021\/07\/abc.jpg","type":"","width":"","height":""}],"twitter_card":"summary_large_image","twitter_misc":{"Tiempo de lectura":"1 minuto"},"schema":{"@context":"https:\/\/schema.org","@graph":[{"@type":"WebPage","@id":"https:\/\/www.abc-assessors.com\/es\/","url":"https:\/\/www.abc-assessors.com\/es\/","name":"Inicio - ABC Assessors i Consultors","isPartOf":{"@id":"https:\/\/www.abc-assessors.com\/es\/#website"},"primaryImageOfPage":{"@id":"https:\/\/www.abc-assessors.com\/es\/#primaryimage"},"image":{"@id":"https:\/\/www.abc-assessors.com\/es\/#primaryimage"},"thumbnailUrl":"https:\/\/www.abc-assessors.com\/wp-content\/uploads\/2021\/07\/abc.jpg","datePublished":"2017-08-31T07:32:09+00:00","dateModified":"2026-05-13T13:03:53+00:00","breadcrumb":{"@id":"https:\/\/www.abc-assessors.com\/es\/#breadcrumb"},"inLanguage":"es","potentialAction":[{"@type":"ReadAction","target":["https:\/\/www.abc-assessors.com\/es\/"]}]},{"@type":"ImageObject","inLanguage":"es","@id":"https:\/\/www.abc-assessors.com\/es\/#primaryimage","url":"https:\/\/www.abc-assessors.com\/wp-content\/uploads\/2021\/07\/abc.jpg","contentUrl":"https:\/\/www.abc-assessors.com\/wp-content\/uploads\/2021\/07\/abc.jpg"},{"@type":"BreadcrumbList","@id":"https:\/\/www.abc-assessors.com\/es\/#breadcrumb","itemListElement":[{"@type":"ListItem","position":1,"name":"Inici","item":"https:\/\/www.abc-assessors.com\/es\/"},{"@type":"ListItem","position":2,"name":"Inicio"}]},{"@type":"WebSite","@id":"https:\/\/www.abc-assessors.com\/es\/#website","url":"https:\/\/www.abc-assessors.com\/es\/","name":"ABC Assessors i Consultors","description":"","publisher":{"@id":"https:\/\/www.abc-assessors.com\/es\/#organization"},"potentialAction":[{"@type":"SearchAction","target":{"@type":"EntryPoint","urlTemplate":"https:\/\/www.abc-assessors.com\/es\/?s={search_term_string}"},"query-input":{"@type":"PropertyValueSpecification","valueRequired":true,"valueName":"search_term_string"}}],"inLanguage":"es"},{"@type":"Organization","@id":"https:\/\/www.abc-assessors.com\/es\/#organization","name":"ABC Assessors i Consultors","url":"https:\/\/www.abc-assessors.com\/es\/","logo":{"@type":"ImageObject","inLanguage":"es","@id":"https:\/\/www.abc-assessors.com\/es\/#\/schema\/logo\/image\/","url":"https:\/\/www.abc-assessors.com\/wp-content\/uploads\/2021\/11\/cropped-cropped-logo-web-ok3.png","contentUrl":"https:\/\/www.abc-assessors.com\/wp-content\/uploads\/2021\/11\/cropped-cropped-logo-web-ok3.png","width":399,"height":138,"caption":"ABC Assessors i Consultors"},"image":{"@id":"https:\/\/www.abc-assessors.com\/es\/#\/schema\/logo\/image\/"},"sameAs":["https:\/\/www.facebook.com\/ABCassessorsandorra\/","https:\/\/www.instagram.com\/abcassessors\/","https:\/\/www.linkedin.com\/company\/abc-assessors"]}]}},"_links":{"self":[{"href":"https:\/\/www.abc-assessors.com\/es\/wp-json\/wp\/v2\/pages\/988808","targetHints":{"allow":["GET"]}}],"collection":[{"href":"https:\/\/www.abc-assessors.com\/es\/wp-json\/wp\/v2\/pages"}],"about":[{"href":"https:\/\/www.abc-assessors.com\/es\/wp-json\/wp\/v2\/types\/page"}],"author":[{"embeddable":true,"href":"https:\/\/www.abc-assessors.com\/es\/wp-json\/wp\/v2\/users\/1"}],"replies":[{"embeddable":true,"href":"https:\/\/www.abc-assessors.com\/es\/wp-json\/wp\/v2\/comments?post=988808"}],"version-history":[{"count":4,"href":"https:\/\/www.abc-assessors.com\/es\/wp-json\/wp\/v2\/pages\/988808\/revisions"}],"predecessor-version":[{"id":989271,"href":"https:\/\/www.abc-assessors.com\/es\/wp-json\/wp\/v2\/pages\/988808\/revisions\/989271"}],"wp:attachment":[{"href":"https:\/\/www.abc-assessors.com\/es\/wp-json\/wp\/v2\/media?parent=988808"}],"curies":[{"name":"wp","href":"https:\/\/api.w.org\/{rel}","templated":true}]}}