{"id":988823,"date":"2016-12-05T16:27:32","date_gmt":"2016-12-05T14:27:32","guid":{"rendered":"https:\/\/www.abc-assessors.com\/qui-sommes-nous\/"},"modified":"2024-04-17T16:59:57","modified_gmt":"2024-04-17T14:59:57","slug":"qui-sommes-nous","status":"publish","type":"page","link":"https:\/\/www.abc-assessors.com\/fr\/qui-sommes-nous\/","title":{"rendered":"Qui sommes-nous"},"content":{"rendered":"<div class=\"vgblk-rw-wrapper limit-wrapper\">\n<h2>\n\tABC Groupe\n\t<\/h2>\n\t<h4>Les soci\u00e9t\u00e9s du Groupe ABC sont int\u00e9gr\u00e9es par des avocats, des \u00e9conomistes, des conseillers fiscaux et d&rsquo;autres professionnels. Nous offrons un service complet d&rsquo;assistance, de conseil et gestion aux particuliers et aux entreprises, au niveau national et international.<\/h4>\n<h2>\n\tPassion et efficacit\u00e9\n\t<\/h2>\n\t<h4>La passion que nous \u00e9prouvons pour nos professions fait que nous soyons, en permanence, au courant de toutes les nouveaut\u00e9s ainsi que de tous les changements l\u00e9gislatifs, conjoncturels et \u00e9conomiques, susceptibles d&rsquo;affecter directement ou indirectement nos clients, garantissant ainsi l&rsquo;efficacit\u00e9 de nos services.<\/h4>\n<h2>\n\tDepuis 2003\n\t<\/h2>\n\t<h4>Les d\u00e9buts du Groupe ABC remontent \u00e0 2003 et au cours de toutes ces ann\u00e9es de carri\u00e8re professionnelle, nous avons consolid\u00e9 notre cabinet, caract\u00e9ris\u00e9 principalement par notre traitement personnalis\u00e9 et direct avec le client, gardant toujours des valeurs telles que la confidentialit\u00e9, la confiance, le d\u00e9vouement, l&rsquo;engagement et l&rsquo;adaptabilit\u00e9 aux besoins des entreprises ou des particuliers qui comptent sur nos services.<\/h4>\n<h3>\n\tNous sommes membres de :\n\t<\/h3>\n\t\t\t\t\t\t\t<img loading=\"lazy\" decoding=\"async\" src=\"https:\/\/www.abc-assessors.com\/wp-content\/uploads\/2021\/07\/advocats2.jpg\" alt=\"advocats2\" itemprop=\"image\" height=\"141\" width=\"252\" data-link-type=\"url\" title=\"advocats2\" onerror=\"this.style.display='none'\"  sizes=\"auto, (max-width: 768px) 100vw, 100vw\"\/>\t\t\t\t\t\t\t\n\t\t\t\t\t\t\t<img loading=\"lazy\" decoding=\"async\" src=\"https:\/\/www.abc-assessors.com\/wp-content\/uploads\/2021\/07\/coea2.jpg\" alt=\"coea2\" itemprop=\"image\" height=\"141\" width=\"252\" data-link-type=\"url\" title=\"coea2\" onerror=\"this.style.display='none'\"  sizes=\"auto, (max-width: 768px) 100vw, 100vw\"\/>\t\t\t\t\t\t\t\n\t\t\t\t\t\t\t<img loading=\"lazy\" decoding=\"async\" src=\"https:\/\/www.abc-assessors.com\/wp-content\/uploads\/2021\/07\/comptables2.jpg\" alt=\"comptables2\" itemprop=\"image\" height=\"141\" width=\"252\" data-link-type=\"url\" title=\"comptables2\" onerror=\"this.style.display='none'\"  sizes=\"auto, (max-width: 768px) 100vw, 100vw\"\/>\t\t\t\t\t\t\t\n\t\t\t\t\t\t\t<img loading=\"lazy\" decoding=\"async\" src=\"https:\/\/www.abc-assessors.com\/wp-content\/uploads\/2021\/07\/aatf2.jpg\" alt=\"aatf2\" itemprop=\"image\" height=\"141\" width=\"252\" data-link-type=\"url\" title=\"aatf2\" onerror=\"this.style.display='none'\"  sizes=\"auto, (max-width: 768px) 100vw, 100vw\"\/>\t\t\t\t\t\t\t\n<h2>\n\t\u00c9quipe\n\t<\/h2>\n\t\t\t\t\t\t\t<img width=\"500\" height=\"500\" src=\"https:\/\/www.abc-assessors.com\/wp-content\/uploads\/2021\/07\/montse.jpg\" alt=\"Montse Armengol Vargas\" decoding=\"async\" loading=\"lazy\" srcset=\"https:\/\/www.abc-assessors.com\/wp-content\/uploads\/2021\/07\/montse.jpg 500w, https:\/\/www.abc-assessors.com\/wp-content\/uploads\/2021\/07\/montse-300x300.jpg 300w, https:\/\/www.abc-assessors.com\/wp-content\/uploads\/2021\/07\/montse-150x150.jpg 150w, https:\/\/www.abc-assessors.com\/wp-content\/uploads\/2021\/07\/montse-420x420.jpg 420w, https:\/\/www.abc-assessors.com\/wp-content\/uploads\/2021\/07\/montse-315x315.jpg 315w, https:\/\/www.abc-assessors.com\/wp-content\/uploads\/2021\/07\/montse-100x100.jpg 100w\" sizes=\"auto, (max-width: 500px) 100vw, 500px\" \/>\t\t\t\n\t\t\t\t\t\t\t\t\t\t\t<a href=\"https:\/\/www.linkedin.com\/in\/montse-armengol-0b454767\/\">&#58904;<\/a>\n\t\t\n\t\t\t\t<p><strong>Montse Armengol Vargas<br \/><\/strong><br \/>Associ\u00e9 Fondateur-\u00c9conomiste<\/p>\t\t\t\n\t\t\t\t\t\t\t<img width=\"500\" height=\"500\" src=\"https:\/\/www.abc-assessors.com\/wp-content\/uploads\/2021\/07\/rosa.jpg\" alt=\"Rosa Boronat Canal\" decoding=\"async\" loading=\"lazy\" srcset=\"https:\/\/www.abc-assessors.com\/wp-content\/uploads\/2021\/07\/rosa.jpg 500w, https:\/\/www.abc-assessors.com\/wp-content\/uploads\/2021\/07\/rosa-300x300.jpg 300w, https:\/\/www.abc-assessors.com\/wp-content\/uploads\/2021\/07\/rosa-150x150.jpg 150w, https:\/\/www.abc-assessors.com\/wp-content\/uploads\/2021\/07\/rosa-420x420.jpg 420w, https:\/\/www.abc-assessors.com\/wp-content\/uploads\/2021\/07\/rosa-315x315.jpg 315w, https:\/\/www.abc-assessors.com\/wp-content\/uploads\/2021\/07\/rosa-100x100.jpg 100w\" sizes=\"auto, (max-width: 500px) 100vw, 500px\" \/>\t\t\t\n\t\t\t\t\t\t\t\t\t\t\t<a href=\"https:\/\/www.linkedin.com\/in\/rosa-boronat-1a7b6645\/\">&#58904;<\/a>\n\t\t\n\t\t\t\t<strong>Rosa Boronat Canal<br \/>\n<\/strong><br \/>\nAssoci\u00e9 Fondateur-Avocat\t\t\t\n\t\t\t\t\t\t\t<img width=\"500\" height=\"500\" src=\"https:\/\/www.abc-assessors.com\/wp-content\/uploads\/2021\/07\/olga.jpg\" alt=\"Olga Codina Roquet\" decoding=\"async\" loading=\"lazy\" srcset=\"https:\/\/www.abc-assessors.com\/wp-content\/uploads\/2021\/07\/olga.jpg 500w, https:\/\/www.abc-assessors.com\/wp-content\/uploads\/2021\/07\/olga-300x300.jpg 300w, https:\/\/www.abc-assessors.com\/wp-content\/uploads\/2021\/07\/olga-150x150.jpg 150w, https:\/\/www.abc-assessors.com\/wp-content\/uploads\/2021\/07\/olga-420x420.jpg 420w, https:\/\/www.abc-assessors.com\/wp-content\/uploads\/2021\/07\/olga-315x315.jpg 315w, https:\/\/www.abc-assessors.com\/wp-content\/uploads\/2021\/07\/olga-100x100.jpg 100w\" sizes=\"auto, (max-width: 500px) 100vw, 500px\" \/>\t\t\t\n\t\t\t\t\t\t\t\t\t\t\t<a href=\"https:\/\/www.linkedin.com\/in\/olga-codina-roquet-102a7641\/\">&#58904;<\/a>\n\t\t\n\t\t\t\t<p><strong>Olga Codina Roquet<br \/><\/strong><br \/>Associ\u00e9 Fondateur-Avocat<\/p>\t\t\t\n\t\t\t\t\t\t\t<img width=\"500\" height=\"500\" src=\"https:\/\/www.abc-assessors.com\/wp-content\/uploads\/2021\/07\/robert.jpg\" alt=\"Robert Vil\u00e0 Pujal\" decoding=\"async\" loading=\"lazy\" srcset=\"https:\/\/www.abc-assessors.com\/wp-content\/uploads\/2021\/07\/robert.jpg 500w, https:\/\/www.abc-assessors.com\/wp-content\/uploads\/2021\/07\/robert-300x300.jpg 300w, https:\/\/www.abc-assessors.com\/wp-content\/uploads\/2021\/07\/robert-150x150.jpg 150w, https:\/\/www.abc-assessors.com\/wp-content\/uploads\/2021\/07\/robert-420x420.jpg 420w, https:\/\/www.abc-assessors.com\/wp-content\/uploads\/2021\/07\/robert-315x315.jpg 315w, https:\/\/www.abc-assessors.com\/wp-content\/uploads\/2021\/07\/robert-100x100.jpg 100w\" sizes=\"auto, (max-width: 500px) 100vw, 500px\" \/>\t\t\t\n\t\t\t\t\t\t\t\t\t\t\t<a href=\"https:\/\/www.linkedin.com\/in\/robert-vil%C3%A0-pujal-41047720b\/\">&#58904;<\/a>\n\t\t\n\t\t\t\t<strong>Robert Vil\u00e0 Pujal<br \/>\n<\/strong><br \/>\nAssoci\u00e9-Economiste\t\t\t\n\n<\/div><!-- .vgblk-rw-wrapper -->","protected":false},"excerpt":{"rendered":"<p>ABC Groupe Les soci\u00e9t\u00e9s du Groupe ABC sont int\u00e9gr\u00e9es par des avocats, des \u00e9conomistes, des conseillers fiscaux et d&rsquo;autres professionnels. Nous offrons un service complet d&rsquo;assistance, de conseil et gestion aux particuliers et aux entreprises, au niveau national et international. Passion et efficacit\u00e9 La passion que nous \u00e9prouvons pour nos professions fait que nous soyons,&#8230;<\/p>\n","protected":false},"author":1,"featured_media":0,"parent":0,"menu_order":0,"comment_status":"closed","ping_status":"closed","template":"","meta":{"inline_featured_image":false,"footnotes":""},"class_list":["post-988823","page","type-page","status-publish","hentry"],"yoast_head":"<!-- This site is optimized with the Yoast SEO plugin v26.3 - https:\/\/yoast.com\/wordpress\/plugins\/seo\/ -->\n<title>Qui sommes-nous - ABC Assessors i Consultors<\/title>\n<meta name=\"robots\" content=\"index, follow, max-snippet:-1, max-image-preview:large, max-video-preview:-1\" \/>\n<link rel=\"canonical\" href=\"https:\/\/www.abc-assessors.com\/fr\/qui-sommes-nous\/\" \/>\n<meta property=\"og:locale\" content=\"fr_FR\" \/>\n<meta property=\"og:type\" content=\"article\" \/>\n<meta property=\"og:title\" content=\"Qui sommes-nous - ABC Assessors i Consultors\" \/>\n<meta property=\"og:description\" content=\"ABC Groupe Les soci\u00e9t\u00e9s du Groupe ABC sont int\u00e9gr\u00e9es par des avocats, des \u00e9conomistes, des conseillers fiscaux et d&rsquo;autres professionnels. Nous offrons un service complet d&rsquo;assistance, de conseil et gestion aux particuliers et aux entreprises, au niveau national et international. Passion et efficacit\u00e9 La passion que nous \u00e9prouvons pour nos professions fait que nous soyons,...\" \/>\n<meta property=\"og:url\" content=\"https:\/\/www.abc-assessors.com\/fr\/qui-sommes-nous\/\" \/>\n<meta property=\"og:site_name\" content=\"ABC Assessors i Consultors\" \/>\n<meta property=\"article:publisher\" content=\"https:\/\/www.facebook.com\/ABCassessorsandorra\/\" \/>\n<meta property=\"article:modified_time\" content=\"2024-04-17T14:59:57+00:00\" \/>\n<meta property=\"og:image\" content=\"https:\/\/www.abc-assessors.com\/wp-content\/uploads\/2021\/07\/advocats2.jpg\" \/>\n<meta name=\"twitter:card\" content=\"summary_large_image\" \/>\n<meta name=\"twitter:label1\" content=\"Dur\u00e9e de lecture estim\u00e9e\" \/>\n\t<meta name=\"twitter:data1\" content=\"1 minute\" \/>\n<script type=\"application\/ld+json\" class=\"yoast-schema-graph\">{\"@context\":\"https:\/\/schema.org\",\"@graph\":[{\"@type\":\"WebPage\",\"@id\":\"https:\/\/www.abc-assessors.com\/fr\/qui-sommes-nous\/\",\"url\":\"https:\/\/www.abc-assessors.com\/fr\/qui-sommes-nous\/\",\"name\":\"Qui sommes-nous - ABC Assessors i Consultors\",\"isPartOf\":{\"@id\":\"https:\/\/www.abc-assessors.com\/fr\/#website\"},\"primaryImageOfPage\":{\"@id\":\"https:\/\/www.abc-assessors.com\/fr\/qui-sommes-nous\/#primaryimage\"},\"image\":{\"@id\":\"https:\/\/www.abc-assessors.com\/fr\/qui-sommes-nous\/#primaryimage\"},\"thumbnailUrl\":\"https:\/\/www.abc-assessors.com\/wp-content\/uploads\/2021\/07\/advocats2.jpg\",\"datePublished\":\"2016-12-05T14:27:32+00:00\",\"dateModified\":\"2024-04-17T14:59:57+00:00\",\"breadcrumb\":{\"@id\":\"https:\/\/www.abc-assessors.com\/fr\/qui-sommes-nous\/#breadcrumb\"},\"inLanguage\":\"fr-FR\",\"potentialAction\":[{\"@type\":\"ReadAction\",\"target\":[\"https:\/\/www.abc-assessors.com\/fr\/qui-sommes-nous\/\"]}]},{\"@type\":\"ImageObject\",\"inLanguage\":\"fr-FR\",\"@id\":\"https:\/\/www.abc-assessors.com\/fr\/qui-sommes-nous\/#primaryimage\",\"url\":\"https:\/\/www.abc-assessors.com\/wp-content\/uploads\/2021\/07\/advocats2.jpg\",\"contentUrl\":\"https:\/\/www.abc-assessors.com\/wp-content\/uploads\/2021\/07\/advocats2.jpg\"},{\"@type\":\"BreadcrumbList\",\"@id\":\"https:\/\/www.abc-assessors.com\/fr\/qui-sommes-nous\/#breadcrumb\",\"itemListElement\":[{\"@type\":\"ListItem\",\"position\":1,\"name\":\"Inici\",\"item\":\"https:\/\/www.abc-assessors.com\/fr\/accueil\/\"},{\"@type\":\"ListItem\",\"position\":2,\"name\":\"Qui sommes-nous\"}]},{\"@type\":\"WebSite\",\"@id\":\"https:\/\/www.abc-assessors.com\/fr\/#website\",\"url\":\"https:\/\/www.abc-assessors.com\/fr\/\",\"name\":\"ABC Assessors i Consultors\",\"description\":\"\",\"publisher\":{\"@id\":\"https:\/\/www.abc-assessors.com\/fr\/#organization\"},\"potentialAction\":[{\"@type\":\"SearchAction\",\"target\":{\"@type\":\"EntryPoint\",\"urlTemplate\":\"https:\/\/www.abc-assessors.com\/fr\/?s={search_term_string}\"},\"query-input\":{\"@type\":\"PropertyValueSpecification\",\"valueRequired\":true,\"valueName\":\"search_term_string\"}}],\"inLanguage\":\"fr-FR\"},{\"@type\":\"Organization\",\"@id\":\"https:\/\/www.abc-assessors.com\/fr\/#organization\",\"name\":\"ABC Assessors i Consultors\",\"url\":\"https:\/\/www.abc-assessors.com\/fr\/\",\"logo\":{\"@type\":\"ImageObject\",\"inLanguage\":\"fr-FR\",\"@id\":\"https:\/\/www.abc-assessors.com\/fr\/#\/schema\/logo\/image\/\",\"url\":\"https:\/\/www.abc-assessors.com\/wp-content\/uploads\/2021\/11\/cropped-cropped-logo-web-ok3.png\",\"contentUrl\":\"https:\/\/www.abc-assessors.com\/wp-content\/uploads\/2021\/11\/cropped-cropped-logo-web-ok3.png\",\"width\":399,\"height\":138,\"caption\":\"ABC Assessors i Consultors\"},\"image\":{\"@id\":\"https:\/\/www.abc-assessors.com\/fr\/#\/schema\/logo\/image\/\"},\"sameAs\":[\"https:\/\/www.facebook.com\/ABCassessorsandorra\/\",\"https:\/\/www.instagram.com\/abcassessors\/\",\"https:\/\/www.linkedin.com\/company\/abc-assessors\"]}]}<\/script>\n<!-- \/ Yoast SEO plugin. -->","yoast_head_json":{"title":"Qui sommes-nous - ABC Assessors i Consultors","robots":{"index":"index","follow":"follow","max-snippet":"max-snippet:-1","max-image-preview":"max-image-preview:large","max-video-preview":"max-video-preview:-1"},"canonical":"https:\/\/www.abc-assessors.com\/fr\/qui-sommes-nous\/","og_locale":"fr_FR","og_type":"article","og_title":"Qui sommes-nous - ABC Assessors i Consultors","og_description":"ABC Groupe Les soci\u00e9t\u00e9s du Groupe ABC sont int\u00e9gr\u00e9es par des avocats, des \u00e9conomistes, des conseillers fiscaux et d&rsquo;autres professionnels. Nous offrons un service complet d&rsquo;assistance, de conseil et gestion aux particuliers et aux entreprises, au niveau national et international. Passion et efficacit\u00e9 La passion que nous \u00e9prouvons pour nos professions fait que nous soyons,...","og_url":"https:\/\/www.abc-assessors.com\/fr\/qui-sommes-nous\/","og_site_name":"ABC Assessors i Consultors","article_publisher":"https:\/\/www.facebook.com\/ABCassessorsandorra\/","article_modified_time":"2024-04-17T14:59:57+00:00","og_image":[{"url":"https:\/\/www.abc-assessors.com\/wp-content\/uploads\/2021\/07\/advocats2.jpg","type":"","width":"","height":""}],"twitter_card":"summary_large_image","twitter_misc":{"Dur\u00e9e de lecture estim\u00e9e":"1 minute"},"schema":{"@context":"https:\/\/schema.org","@graph":[{"@type":"WebPage","@id":"https:\/\/www.abc-assessors.com\/fr\/qui-sommes-nous\/","url":"https:\/\/www.abc-assessors.com\/fr\/qui-sommes-nous\/","name":"Qui sommes-nous - ABC Assessors i Consultors","isPartOf":{"@id":"https:\/\/www.abc-assessors.com\/fr\/#website"},"primaryImageOfPage":{"@id":"https:\/\/www.abc-assessors.com\/fr\/qui-sommes-nous\/#primaryimage"},"image":{"@id":"https:\/\/www.abc-assessors.com\/fr\/qui-sommes-nous\/#primaryimage"},"thumbnailUrl":"https:\/\/www.abc-assessors.com\/wp-content\/uploads\/2021\/07\/advocats2.jpg","datePublished":"2016-12-05T14:27:32+00:00","dateModified":"2024-04-17T14:59:57+00:00","breadcrumb":{"@id":"https:\/\/www.abc-assessors.com\/fr\/qui-sommes-nous\/#breadcrumb"},"inLanguage":"fr-FR","potentialAction":[{"@type":"ReadAction","target":["https:\/\/www.abc-assessors.com\/fr\/qui-sommes-nous\/"]}]},{"@type":"ImageObject","inLanguage":"fr-FR","@id":"https:\/\/www.abc-assessors.com\/fr\/qui-sommes-nous\/#primaryimage","url":"https:\/\/www.abc-assessors.com\/wp-content\/uploads\/2021\/07\/advocats2.jpg","contentUrl":"https:\/\/www.abc-assessors.com\/wp-content\/uploads\/2021\/07\/advocats2.jpg"},{"@type":"BreadcrumbList","@id":"https:\/\/www.abc-assessors.com\/fr\/qui-sommes-nous\/#breadcrumb","itemListElement":[{"@type":"ListItem","position":1,"name":"Inici","item":"https:\/\/www.abc-assessors.com\/fr\/accueil\/"},{"@type":"ListItem","position":2,"name":"Qui sommes-nous"}]},{"@type":"WebSite","@id":"https:\/\/www.abc-assessors.com\/fr\/#website","url":"https:\/\/www.abc-assessors.com\/fr\/","name":"ABC Assessors i Consultors","description":"","publisher":{"@id":"https:\/\/www.abc-assessors.com\/fr\/#organization"},"potentialAction":[{"@type":"SearchAction","target":{"@type":"EntryPoint","urlTemplate":"https:\/\/www.abc-assessors.com\/fr\/?s={search_term_string}"},"query-input":{"@type":"PropertyValueSpecification","valueRequired":true,"valueName":"search_term_string"}}],"inLanguage":"fr-FR"},{"@type":"Organization","@id":"https:\/\/www.abc-assessors.com\/fr\/#organization","name":"ABC Assessors i Consultors","url":"https:\/\/www.abc-assessors.com\/fr\/","logo":{"@type":"ImageObject","inLanguage":"fr-FR","@id":"https:\/\/www.abc-assessors.com\/fr\/#\/schema\/logo\/image\/","url":"https:\/\/www.abc-assessors.com\/wp-content\/uploads\/2021\/11\/cropped-cropped-logo-web-ok3.png","contentUrl":"https:\/\/www.abc-assessors.com\/wp-content\/uploads\/2021\/11\/cropped-cropped-logo-web-ok3.png","width":399,"height":138,"caption":"ABC Assessors i Consultors"},"image":{"@id":"https:\/\/www.abc-assessors.com\/fr\/#\/schema\/logo\/image\/"},"sameAs":["https:\/\/www.facebook.com\/ABCassessorsandorra\/","https:\/\/www.instagram.com\/abcassessors\/","https:\/\/www.linkedin.com\/company\/abc-assessors"]}]}},"_links":{"self":[{"href":"https:\/\/www.abc-assessors.com\/fr\/wp-json\/wp\/v2\/pages\/988823","targetHints":{"allow":["GET"]}}],"collection":[{"href":"https:\/\/www.abc-assessors.com\/fr\/wp-json\/wp\/v2\/pages"}],"about":[{"href":"https:\/\/www.abc-assessors.com\/fr\/wp-json\/wp\/v2\/types\/page"}],"author":[{"embeddable":true,"href":"https:\/\/www.abc-assessors.com\/fr\/wp-json\/wp\/v2\/users\/1"}],"replies":[{"embeddable":true,"href":"https:\/\/www.abc-assessors.com\/fr\/wp-json\/wp\/v2\/comments?post=988823"}],"version-history":[{"count":3,"href":"https:\/\/www.abc-assessors.com\/fr\/wp-json\/wp\/v2\/pages\/988823\/revisions"}],"predecessor-version":[{"id":989076,"href":"https:\/\/www.abc-assessors.com\/fr\/wp-json\/wp\/v2\/pages\/988823\/revisions\/989076"}],"wp:attachment":[{"href":"https:\/\/www.abc-assessors.com\/fr\/wp-json\/wp\/v2\/media?parent=988823"}],"curies":[{"name":"wp","href":"https:\/\/api.w.org\/{rel}","templated":true}]}}