{"id":988832,"date":"2021-10-07T13:14:38","date_gmt":"2021-10-07T11:14:38","guid":{"rendered":"https:\/\/www.abc-assessors.com\/consultations-en-ligne-et-reunions-virtuelles\/"},"modified":"2023-07-17T12:29:33","modified_gmt":"2023-07-17T10:29:33","slug":"consultations-en-ligne-et-reunions-virtuelles","status":"publish","type":"page","link":"https:\/\/www.abc-assessors.com\/fr\/consultations-en-ligne-et-reunions-virtuelles\/","title":{"rendered":"Demandes en ligne"},"content":{"rendered":"<div class=\"vgblk-rw-wrapper limit-wrapper\">\n\n\t<p><strong>Grup ABC<\/strong> oferim el servei de resoluci\u00f3 de consultes legals, econ\u00f2miques i fiscals aix\u00ed com la possibilitat de fer una reuni\u00f3 virtual en aquells casos en que el client no pugui o b\u00e9 prefereixi no despla\u00e7ar-se a les nostres oficines per tenir una reuni\u00f3 presencial.<\/p>\n<p>Segons la seva prefer\u00e8ncia, pot optar per enviar-nos la seva consulta mitjan\u00e7ant el\u00a0<strong>formulari de petici\u00f3 de servei<\/strong> i obtindr\u00e0 una resposta per escrit als seus dubtes, sense necessitat de despla\u00e7ar-se a les nostres oficines, o b\u00e9 pot sol\u00b7licitar una reuni\u00f3 telem\u00e0tica a trav\u00e9s del mateix formulari i un dels nostres assessors l&rsquo;atendr\u00e0 personalment en el dia i hora convinguts.<\/p>\n<h3>\n\tFuncionament del servei\n\t<\/h3>\n\t<p><strong>1)<\/strong> Omplir el formulari\u00a0<strong>de petici\u00f3 de servei <\/strong>i exposar la seva consulta per rebre la seva resposta per escrit o b\u00e9 sol\u00b7liciti dia i hora per una reuni\u00f3 telem\u00e0tica indicant breument el motiu de la mateixa (garantim la confidencialitat de totes les dades.)<\/p>\n<p><strong>2)<\/strong>\u00a0Premi el bot\u00f3\u00a0<strong>Enviar<\/strong><\/p>\n<p><strong>3)<\/strong> Una vegada enviat el formulari, rebr\u00e0 confirmaci\u00f3 de recepci\u00f3 del mateix\u00a0i, posteriorment, rebr\u00e0 per e-mail una proposta d&rsquo;honoraris pel servei sol\u00b7licitat. Si \u00e9s de la seva conformitat se li enviar\u00e0 la factura pel servei sol\u00b7licitat,\u00a0quina haur\u00e0 de ser abonada mitjan\u00e7ant transferencia banc\u00e0ria en qualsevols dels comptes bancaris indicats en la factura.<\/p>\n<p><strong>4)<\/strong>\u00a0Si heu escollit el servei de consulta on-line per escrit, tan bon punt rebem el pagament, en el termini m\u00e0xim de<strong> 48 hores<\/strong>\u00a0laborables rebr\u00e0 la resposta a la seva consulta per e-mail redactada pels nostres Advocats, Economistes o Assessors Fiscals<\/p>\n<p><strong>5)<\/strong> Si heu escollit el servei de reuni\u00f3 telem\u00e0tica, tan bon punt rebem el pagament, es mantindr\u00e0 la reuni\u00f3 en la data i hora convingudes<\/p>\n<h4>\n\tFormulari de petici\u00f3 de servei:\n\t<\/h4>\n\tNotice: JavaScript is required for this content.\n        <!-- TODO: Move to Template File. -->\n\t<p>* Camps obligatoris<\/p>\n<p>*\u00a0<a href=\"https:\/\/www.abc-assessors.com\/fr\/conditions-generales-du-contrat\/\" target=\"_blank\" rel=\"noopener\">Veure condicions generals de contractaci\u00f3.<\/a><\/p>\n<p>**\u00a0<a href=\"https:\/\/www.abc-assessors.com\/fr\/politique-de-confidentialite\/\" target=\"_blank\" rel=\"noopener\">Veure la pol\u00edtica de privacitat.<\/a><\/p>\n\n<\/div><!-- .vgblk-rw-wrapper -->","protected":false},"excerpt":{"rendered":"<p>Grup ABC oferim el servei de resoluci\u00f3 de consultes legals, econ\u00f2miques i fiscals aix\u00ed com la possibilitat de fer una reuni\u00f3 virtual en aquells casos en que el client no pugui o b\u00e9 prefereixi no despla\u00e7ar-se a les nostres oficines per tenir una reuni\u00f3 presencial. Segons la seva prefer\u00e8ncia, pot optar per enviar-nos la seva&#8230;<\/p>\n","protected":false},"author":1,"featured_media":0,"parent":0,"menu_order":0,"comment_status":"closed","ping_status":"closed","template":"","meta":{"inline_featured_image":false,"footnotes":""},"class_list":["post-988832","page","type-page","status-publish","hentry"],"yoast_head":"<!-- This site is optimized with the Yoast SEO plugin v26.3 - https:\/\/yoast.com\/wordpress\/plugins\/seo\/ -->\n<title>Demandes en ligne - ABC Assessors i Consultors<\/title>\n<meta name=\"robots\" content=\"index, follow, max-snippet:-1, max-image-preview:large, max-video-preview:-1\" \/>\n<link rel=\"canonical\" href=\"https:\/\/www.abc-assessors.com\/fr\/consultations-en-ligne-et-reunions-virtuelles\/\" \/>\n<meta property=\"og:locale\" content=\"fr_FR\" \/>\n<meta property=\"og:type\" content=\"article\" \/>\n<meta property=\"og:title\" content=\"Demandes en ligne - ABC Assessors i Consultors\" \/>\n<meta property=\"og:description\" content=\"Grup ABC oferim el servei de resoluci\u00f3 de consultes legals, econ\u00f2miques i fiscals aix\u00ed com la possibilitat de fer una reuni\u00f3 virtual en aquells casos en que el client no pugui o b\u00e9 prefereixi no despla\u00e7ar-se a les nostres oficines per tenir una reuni\u00f3 presencial. Segons la seva prefer\u00e8ncia, pot optar per enviar-nos la seva...\" \/>\n<meta property=\"og:url\" content=\"https:\/\/www.abc-assessors.com\/fr\/consultations-en-ligne-et-reunions-virtuelles\/\" \/>\n<meta property=\"og:site_name\" content=\"ABC Assessors i Consultors\" \/>\n<meta property=\"article:publisher\" content=\"https:\/\/www.facebook.com\/ABCassessorsandorra\/\" \/>\n<meta property=\"article:modified_time\" content=\"2023-07-17T10:29:33+00:00\" \/>\n<meta name=\"twitter:card\" content=\"summary_large_image\" \/>\n<meta name=\"twitter:label1\" content=\"Dur\u00e9e de lecture estim\u00e9e\" \/>\n\t<meta name=\"twitter:data1\" content=\"2 minutes\" \/>\n<script type=\"application\/ld+json\" class=\"yoast-schema-graph\">{\"@context\":\"https:\/\/schema.org\",\"@graph\":[{\"@type\":\"WebPage\",\"@id\":\"https:\/\/www.abc-assessors.com\/fr\/consultations-en-ligne-et-reunions-virtuelles\/\",\"url\":\"https:\/\/www.abc-assessors.com\/fr\/consultations-en-ligne-et-reunions-virtuelles\/\",\"name\":\"Demandes en ligne - ABC Assessors i Consultors\",\"isPartOf\":{\"@id\":\"https:\/\/www.abc-assessors.com\/fr\/#website\"},\"datePublished\":\"2021-10-07T11:14:38+00:00\",\"dateModified\":\"2023-07-17T10:29:33+00:00\",\"breadcrumb\":{\"@id\":\"https:\/\/www.abc-assessors.com\/fr\/consultations-en-ligne-et-reunions-virtuelles\/#breadcrumb\"},\"inLanguage\":\"fr-FR\",\"potentialAction\":[{\"@type\":\"ReadAction\",\"target\":[\"https:\/\/www.abc-assessors.com\/fr\/consultations-en-ligne-et-reunions-virtuelles\/\"]}]},{\"@type\":\"BreadcrumbList\",\"@id\":\"https:\/\/www.abc-assessors.com\/fr\/consultations-en-ligne-et-reunions-virtuelles\/#breadcrumb\",\"itemListElement\":[{\"@type\":\"ListItem\",\"position\":1,\"name\":\"Inici\",\"item\":\"https:\/\/www.abc-assessors.com\/fr\/accueil\/\"},{\"@type\":\"ListItem\",\"position\":2,\"name\":\"Demandes en ligne\"}]},{\"@type\":\"WebSite\",\"@id\":\"https:\/\/www.abc-assessors.com\/fr\/#website\",\"url\":\"https:\/\/www.abc-assessors.com\/fr\/\",\"name\":\"ABC Assessors i Consultors\",\"description\":\"\",\"publisher\":{\"@id\":\"https:\/\/www.abc-assessors.com\/fr\/#organization\"},\"potentialAction\":[{\"@type\":\"SearchAction\",\"target\":{\"@type\":\"EntryPoint\",\"urlTemplate\":\"https:\/\/www.abc-assessors.com\/fr\/?s={search_term_string}\"},\"query-input\":{\"@type\":\"PropertyValueSpecification\",\"valueRequired\":true,\"valueName\":\"search_term_string\"}}],\"inLanguage\":\"fr-FR\"},{\"@type\":\"Organization\",\"@id\":\"https:\/\/www.abc-assessors.com\/fr\/#organization\",\"name\":\"ABC Assessors i Consultors\",\"url\":\"https:\/\/www.abc-assessors.com\/fr\/\",\"logo\":{\"@type\":\"ImageObject\",\"inLanguage\":\"fr-FR\",\"@id\":\"https:\/\/www.abc-assessors.com\/fr\/#\/schema\/logo\/image\/\",\"url\":\"https:\/\/www.abc-assessors.com\/wp-content\/uploads\/2021\/11\/cropped-cropped-logo-web-ok3.png\",\"contentUrl\":\"https:\/\/www.abc-assessors.com\/wp-content\/uploads\/2021\/11\/cropped-cropped-logo-web-ok3.png\",\"width\":399,\"height\":138,\"caption\":\"ABC Assessors i Consultors\"},\"image\":{\"@id\":\"https:\/\/www.abc-assessors.com\/fr\/#\/schema\/logo\/image\/\"},\"sameAs\":[\"https:\/\/www.facebook.com\/ABCassessorsandorra\/\",\"https:\/\/www.instagram.com\/abcassessors\/\",\"https:\/\/www.linkedin.com\/company\/abc-assessors\"]}]}<\/script>\n<!-- \/ Yoast SEO plugin. -->","yoast_head_json":{"title":"Demandes en ligne - ABC Assessors i Consultors","robots":{"index":"index","follow":"follow","max-snippet":"max-snippet:-1","max-image-preview":"max-image-preview:large","max-video-preview":"max-video-preview:-1"},"canonical":"https:\/\/www.abc-assessors.com\/fr\/consultations-en-ligne-et-reunions-virtuelles\/","og_locale":"fr_FR","og_type":"article","og_title":"Demandes en ligne - ABC Assessors i Consultors","og_description":"Grup ABC oferim el servei de resoluci\u00f3 de consultes legals, econ\u00f2miques i fiscals aix\u00ed com la possibilitat de fer una reuni\u00f3 virtual en aquells casos en que el client no pugui o b\u00e9 prefereixi no despla\u00e7ar-se a les nostres oficines per tenir una reuni\u00f3 presencial. Segons la seva prefer\u00e8ncia, pot optar per enviar-nos la seva...","og_url":"https:\/\/www.abc-assessors.com\/fr\/consultations-en-ligne-et-reunions-virtuelles\/","og_site_name":"ABC Assessors i Consultors","article_publisher":"https:\/\/www.facebook.com\/ABCassessorsandorra\/","article_modified_time":"2023-07-17T10:29:33+00:00","twitter_card":"summary_large_image","twitter_misc":{"Dur\u00e9e de lecture estim\u00e9e":"2 minutes"},"schema":{"@context":"https:\/\/schema.org","@graph":[{"@type":"WebPage","@id":"https:\/\/www.abc-assessors.com\/fr\/consultations-en-ligne-et-reunions-virtuelles\/","url":"https:\/\/www.abc-assessors.com\/fr\/consultations-en-ligne-et-reunions-virtuelles\/","name":"Demandes en ligne - ABC Assessors i Consultors","isPartOf":{"@id":"https:\/\/www.abc-assessors.com\/fr\/#website"},"datePublished":"2021-10-07T11:14:38+00:00","dateModified":"2023-07-17T10:29:33+00:00","breadcrumb":{"@id":"https:\/\/www.abc-assessors.com\/fr\/consultations-en-ligne-et-reunions-virtuelles\/#breadcrumb"},"inLanguage":"fr-FR","potentialAction":[{"@type":"ReadAction","target":["https:\/\/www.abc-assessors.com\/fr\/consultations-en-ligne-et-reunions-virtuelles\/"]}]},{"@type":"BreadcrumbList","@id":"https:\/\/www.abc-assessors.com\/fr\/consultations-en-ligne-et-reunions-virtuelles\/#breadcrumb","itemListElement":[{"@type":"ListItem","position":1,"name":"Inici","item":"https:\/\/www.abc-assessors.com\/fr\/accueil\/"},{"@type":"ListItem","position":2,"name":"Demandes en ligne"}]},{"@type":"WebSite","@id":"https:\/\/www.abc-assessors.com\/fr\/#website","url":"https:\/\/www.abc-assessors.com\/fr\/","name":"ABC Assessors i Consultors","description":"","publisher":{"@id":"https:\/\/www.abc-assessors.com\/fr\/#organization"},"potentialAction":[{"@type":"SearchAction","target":{"@type":"EntryPoint","urlTemplate":"https:\/\/www.abc-assessors.com\/fr\/?s={search_term_string}"},"query-input":{"@type":"PropertyValueSpecification","valueRequired":true,"valueName":"search_term_string"}}],"inLanguage":"fr-FR"},{"@type":"Organization","@id":"https:\/\/www.abc-assessors.com\/fr\/#organization","name":"ABC Assessors i Consultors","url":"https:\/\/www.abc-assessors.com\/fr\/","logo":{"@type":"ImageObject","inLanguage":"fr-FR","@id":"https:\/\/www.abc-assessors.com\/fr\/#\/schema\/logo\/image\/","url":"https:\/\/www.abc-assessors.com\/wp-content\/uploads\/2021\/11\/cropped-cropped-logo-web-ok3.png","contentUrl":"https:\/\/www.abc-assessors.com\/wp-content\/uploads\/2021\/11\/cropped-cropped-logo-web-ok3.png","width":399,"height":138,"caption":"ABC Assessors i Consultors"},"image":{"@id":"https:\/\/www.abc-assessors.com\/fr\/#\/schema\/logo\/image\/"},"sameAs":["https:\/\/www.facebook.com\/ABCassessorsandorra\/","https:\/\/www.instagram.com\/abcassessors\/","https:\/\/www.linkedin.com\/company\/abc-assessors"]}]}},"_links":{"self":[{"href":"https:\/\/www.abc-assessors.com\/fr\/wp-json\/wp\/v2\/pages\/988832","targetHints":{"allow":["GET"]}}],"collection":[{"href":"https:\/\/www.abc-assessors.com\/fr\/wp-json\/wp\/v2\/pages"}],"about":[{"href":"https:\/\/www.abc-assessors.com\/fr\/wp-json\/wp\/v2\/types\/page"}],"author":[{"embeddable":true,"href":"https:\/\/www.abc-assessors.com\/fr\/wp-json\/wp\/v2\/users\/1"}],"replies":[{"embeddable":true,"href":"https:\/\/www.abc-assessors.com\/fr\/wp-json\/wp\/v2\/comments?post=988832"}],"version-history":[{"count":4,"href":"https:\/\/www.abc-assessors.com\/fr\/wp-json\/wp\/v2\/pages\/988832\/revisions"}],"predecessor-version":[{"id":989047,"href":"https:\/\/www.abc-assessors.com\/fr\/wp-json\/wp\/v2\/pages\/988832\/revisions\/989047"}],"wp:attachment":[{"href":"https:\/\/www.abc-assessors.com\/fr\/wp-json\/wp\/v2\/media?parent=988832"}],"curies":[{"name":"wp","href":"https:\/\/api.w.org\/{rel}","templated":true}]}}